{"id":739,"date":"2023-02-12T21:39:21","date_gmt":"2023-02-12T20:39:21","guid":{"rendered":"https:\/\/dbperformancecars.com\/?page_id=739"},"modified":"2023-02-12T21:52:34","modified_gmt":"2023-02-12T20:52:34","slug":"fahrzeugaufbereitung","status":"publish","type":"page","link":"https:\/\/dbperformancecars.com\/en\/fahrzeugaufbereitung\/","title":{"rendered":"Fahrzeugaufbereitung"},"content":{"rendered":"<div class=\"wpb-content-wrapper\"><div class=\"vc_row wpb_row vc_row-fluid margin-bottom-none vc_custom_1515782941289\"><div class=\"wpb_column vc_column_container vc_col-sm-4\"><div class=\"vc_column-inner\"><div class=\"wpb_wrapper\">\n\t<div class=\"wpb_text_column wpb_content_element padding-left-none xs-padding-bottom-40\" >\n\t\t<div class=\"wpb_wrapper\">\n\t\t\t<h3 class=\"main-heading\">Fahrzeugaufbereitung<\/h3>\n<p style=\"text-align: left;\">Die professionelle Fahrzeugaufbereitung ist essentiell f\u00fcr einen tollen Auftritt Ihres Fahrzeugs und erm\u00f6glicht dem Fahrzeug den maximalen Glanz und einen strahlenden Anblick. Unsere eigenen Fahrzeuge werden f\u00fcr den Showroom detailliert und mit viel Aufwand und Hingabe aufbereitet und veredelt. Nicht nur die Optik wird durch diesen Prozess verbessert sondern auch der eigentliche Wert des Fahrzeugs steigert sich zudem auch. Profitieren Sie von unseren langj\u00e4hrigen Erfahrungen und unseren guten Kontakten bei Ihrem Fahrzeug.<\/p>\n\n\t\t<\/div>\n\t<\/div>\n<\/div><\/div><\/div><div class=\"wpb_column vc_column_container vc_col-sm-8\"><div class=\"vc_column-inner\"><div class=\"wpb_wrapper\"><div class=\"wpb_gallery wpb_content_element vc_clearfix wpb_content_element\" ><div class=\"wpb_wrapper\"><div class=\"wpb_gallery_slides wpb_flexslider flexslider_fade flexslider\" data-interval=\"3\" data-flex_fx=\"fade\"><ul class=\"slides\"><li><a class=\"\" href=\"https:\/\/dbperformancecars.com\/wp-content\/uploads\/2021\/03\/RII02498-1024x683.jpg\" data-lightbox=\"lightbox[rel-739-4003945347]\"><img loading=\"lazy\" decoding=\"async\" width=\"125\" height=\"83\" src=\"https:\/\/dbperformancecars.com\/wp-content\/uploads\/2021\/03\/RII02498-scaled-e1617615684760.jpg\" class=\"attachment-full\" alt=\"\" title=\"RII02498\" \/><\/a><\/li><li><a class=\"\" href=\"https:\/\/dbperformancecars.com\/wp-content\/uploads\/2021\/03\/RII02489-1024x683.jpg\" data-lightbox=\"lightbox[rel-739-4003945347]\"><img loading=\"lazy\" decoding=\"async\" width=\"2560\" height=\"1708\" src=\"https:\/\/dbperformancecars.com\/wp-content\/uploads\/2021\/03\/RII02489-scaled.jpg\" class=\"attachment-full\" alt=\"\" title=\"RII02489\" srcset=\"https:\/\/dbperformancecars.com\/wp-content\/uploads\/2021\/03\/RII02489-scaled.jpg 2560w, https:\/\/dbperformancecars.com\/wp-content\/uploads\/2021\/03\/RII02489-300x200.jpg 300w, https:\/\/dbperformancecars.com\/wp-content\/uploads\/2021\/03\/RII02489-1024x683.jpg 1024w, https:\/\/dbperformancecars.com\/wp-content\/uploads\/2021\/03\/RII02489-768x512.jpg 768w, https:\/\/dbperformancecars.com\/wp-content\/uploads\/2021\/03\/RII02489-1536x1025.jpg 1536w, https:\/\/dbperformancecars.com\/wp-content\/uploads\/2021\/03\/RII02489-2048x1366.jpg 2048w\" sizes=\"auto, (max-width: 2560px) 100vw, 2560px\" \/><\/a><\/li><li><a class=\"\" href=\"https:\/\/dbperformancecars.com\/wp-content\/uploads\/2021\/03\/RII02514-1024x683.jpg\" data-lightbox=\"lightbox[rel-739-4003945347]\"><img loading=\"lazy\" decoding=\"async\" width=\"125\" height=\"83\" src=\"https:\/\/dbperformancecars.com\/wp-content\/uploads\/2021\/03\/RII02514-scaled-e1617615693787.jpg\" class=\"attachment-full\" alt=\"\" title=\"RII02514\" \/><\/a><\/li><li><a class=\"\" href=\"https:\/\/dbperformancecars.com\/wp-content\/uploads\/2021\/03\/RII02534-1024x683.jpg\" data-lightbox=\"lightbox[rel-739-4003945347]\"><img loading=\"lazy\" decoding=\"async\" width=\"2560\" height=\"1708\" src=\"https:\/\/dbperformancecars.com\/wp-content\/uploads\/2021\/03\/RII02534-scaled.jpg\" class=\"attachment-full\" alt=\"\" title=\"RII02534\" srcset=\"https:\/\/dbperformancecars.com\/wp-content\/uploads\/2021\/03\/RII02534-scaled.jpg 2560w, https:\/\/dbperformancecars.com\/wp-content\/uploads\/2021\/03\/RII02534-300x200.jpg 300w, https:\/\/dbperformancecars.com\/wp-content\/uploads\/2021\/03\/RII02534-1024x683.jpg 1024w, https:\/\/dbperformancecars.com\/wp-content\/uploads\/2021\/03\/RII02534-768x512.jpg 768w, https:\/\/dbperformancecars.com\/wp-content\/uploads\/2021\/03\/RII02534-1536x1025.jpg 1536w, https:\/\/dbperformancecars.com\/wp-content\/uploads\/2021\/03\/RII02534-2048x1366.jpg 2048w\" sizes=\"auto, (max-width: 2560px) 100vw, 2560px\" \/><\/a><\/li><li><a class=\"\" href=\"https:\/\/dbperformancecars.com\/wp-content\/uploads\/2021\/03\/RII02533-1024x683.jpg\" data-lightbox=\"lightbox[rel-739-4003945347]\"><img loading=\"lazy\" decoding=\"async\" width=\"2560\" height=\"1708\" src=\"https:\/\/dbperformancecars.com\/wp-content\/uploads\/2021\/03\/RII02533-scaled.jpg\" class=\"attachment-full\" alt=\"\" title=\"RII02533\" srcset=\"https:\/\/dbperformancecars.com\/wp-content\/uploads\/2021\/03\/RII02533-scaled.jpg 2560w, https:\/\/dbperformancecars.com\/wp-content\/uploads\/2021\/03\/RII02533-300x200.jpg 300w, https:\/\/dbperformancecars.com\/wp-content\/uploads\/2021\/03\/RII02533-1024x683.jpg 1024w, https:\/\/dbperformancecars.com\/wp-content\/uploads\/2021\/03\/RII02533-768x512.jpg 768w, https:\/\/dbperformancecars.com\/wp-content\/uploads\/2021\/03\/RII02533-1536x1025.jpg 1536w, https:\/\/dbperformancecars.com\/wp-content\/uploads\/2021\/03\/RII02533-2048x1366.jpg 2048w\" sizes=\"auto, (max-width: 2560px) 100vw, 2560px\" \/><\/a><\/li><\/ul><\/div><\/div><\/div><\/div><\/div><\/div><\/div><div data-vc-full-width=\"true\" data-vc-full-width-init=\"false\" class=\"vc_row wpb_row vc_row-fluid margin-bottom-none vc_custom_1676235130175 vc_row-has-fill\"><div class=\"wpb_column vc_column_container vc_col-sm-12\"><div class=\"vc_column-inner\"><div class=\"wpb_wrapper\">\n\t<div class=\"wpb_text_column wpb_content_element padding-left-none xs-padding-bottom-40\" >\n\t\t<div class=\"wpb_wrapper\">\n\t\t\t<p>&nbsp;<\/p>\n<h3>Unsere Leistungen<\/h3>\n<p>\u2192 komplette Fahrzeugaufbereitung<\/p>\n<ul>\n<li>Lackaufbereitung durch Politur<\/li>\n<li>Innenraumreinigung<\/li>\n<li>Motorw\u00e4sche<\/li>\n<\/ul>\n<p>\u2192 Keramik Versiegelung<\/p>\n<p>Im Premium Bereich bieten wir Ihnen eine Keramikversiegelung an, welche eine zus\u00e4tzliche Schutzschicht f\u00fcr den Lack und weitere Bauteile bietet. Der Lack wird gesch\u00fctzt vor UV-Strahlung, Schmutz perlt besser ab und der Lack bleibt in Summe l\u00e4nger sauber.<\/p>\n<p>&nbsp;<\/p>\n\n\t\t<\/div>\n\t<\/div>\n<\/div><\/div><\/div><\/div><div class=\"vc_row-full-width vc_clearfix\"><\/div><div class=\"vc_row wpb_row vc_row-fluid\"><div class=\"wpb_column vc_column_container vc_col-sm-12\"><div class=\"vc_column-inner\"><div class=\"wpb_wrapper\">\n\t<div class=\"wpb_text_column wpb_content_element\" >\n\t\t<div class=\"wpb_wrapper\">\n\t\t\t<h3>Kontaktieren Sie uns f\u00fcr eine Fahrzeugauf bereitung!<\/h3>\n\n\t\t<\/div>\n\t<\/div>\n<fieldset id=\"contact_form\" class=\"form_contact \"><div class=\"contact_result\"><\/div><input type=\"text\" name=\"name\" class=\"form-control margin-bottom-25\" placeholder=\"Name (Pflichtfeld)\" \/><input type=\"email\" name=\"email\" class=\"form-control margin-bottom-25\" placeholder=\"Email (Pflichtfeld)\" \/><textarea name=\"message\" class=\"form-control margin-bottom-25 contact_textarea\" placeholder=\"Nachricht\" rows=\"7\"><\/textarea><div class=\"form-control gdpr-control margin-bottom-25\"><label><input type=\"checkbox\" name=\"gdpr\"><a href=\"https:\/\/dbperformancecars.com\/privacy-policy\/\"> Ich stimme den Datenschutzrichtlinien zu<\/a><\/label><\/div><input id=\"submit_btn\" class=\"submit_contact_form\" type=\"submit\" value=\"Absenden\"><\/fieldset><\/div><\/div><\/div><\/div>\n<\/div>","protected":false},"excerpt":{"rendered":"Fahrzeugaufbereitung Die professionelle Fahrzeugaufbereitung ist essentiell f\u00fcr einen tollen Auftritt Ihres Fahrzeugs und erm\u00f6glicht dem Fahrzeug den maximalen Glanz und einen strahlenden Anblick. Unsere eigenen Fahrzeuge werden f\u00fcr den Showroom detailliert und mit viel Aufwand und Hingabe aufbereitet und veredelt. Nicht nur die Optik wird durch diesen Prozess verbessert sondern auch der eigentliche Wert des [...]","protected":false},"author":1,"featured_media":0,"parent":0,"menu_order":0,"comment_status":"closed","ping_status":"closed","template":"","meta":{"ngg_post_thumbnail":0,"footnotes":""},"categories":[],"tags":[],"class_list":["post-739","page","type-page","status-publish","hentry"],"yoast_head":"<!-- This site is optimized with the Yoast SEO plugin v27.5 - https:\/\/yoast.com\/product\/yoast-seo-wordpress\/ -->\n<title>Fahrzeugaufbereitung - DB Performance Cars | JDM Sportfahrzeuge | Japan Import<\/title>\n<meta name=\"robots\" content=\"index, follow, max-snippet:-1, max-image-preview:large, max-video-preview:-1\" \/>\n<link rel=\"canonical\" href=\"https:\/\/dbperformancecars.com\/en\/fahrzeugaufbereitung\/\" \/>\n<meta property=\"og:locale\" content=\"en_GB\" \/>\n<meta property=\"og:type\" content=\"article\" \/>\n<meta property=\"og:title\" content=\"Fahrzeugaufbereitung - DB Performance Cars | JDM Sportfahrzeuge | Japan Import\" \/>\n<meta property=\"og:url\" content=\"https:\/\/dbperformancecars.com\/en\/fahrzeugaufbereitung\/\" \/>\n<meta property=\"og:site_name\" content=\"DB Performance Cars | JDM Sportfahrzeuge | Japan Import\" \/>\n<meta property=\"article:modified_time\" content=\"2023-02-12T20:52:34+00:00\" \/>\n<meta name=\"twitter:card\" content=\"summary_large_image\" \/>\n<meta name=\"twitter:label1\" content=\"Estimated reading time\" \/>\n\t<meta name=\"twitter:data1\" content=\"1 minute\" \/>\n<script type=\"application\/ld+json\" class=\"yoast-schema-graph\">{\"@context\":\"https:\\\/\\\/schema.org\",\"@graph\":[{\"@type\":\"WebPage\",\"@id\":\"https:\\\/\\\/dbperformancecars.com\\\/fahrzeugaufbereitung\\\/\",\"url\":\"https:\\\/\\\/dbperformancecars.com\\\/fahrzeugaufbereitung\\\/\",\"name\":\"Fahrzeugaufbereitung - DB Performance Cars | JDM Sportfahrzeuge | Japan Import\",\"isPartOf\":{\"@id\":\"https:\\\/\\\/dbperformancecars.com\\\/#website\"},\"datePublished\":\"2023-02-12T20:39:21+00:00\",\"dateModified\":\"2023-02-12T20:52:34+00:00\",\"breadcrumb\":{\"@id\":\"https:\\\/\\\/dbperformancecars.com\\\/fahrzeugaufbereitung\\\/#breadcrumb\"},\"inLanguage\":\"en-GB\",\"potentialAction\":[{\"@type\":\"ReadAction\",\"target\":[\"https:\\\/\\\/dbperformancecars.com\\\/fahrzeugaufbereitung\\\/\"]}]},{\"@type\":\"BreadcrumbList\",\"@id\":\"https:\\\/\\\/dbperformancecars.com\\\/fahrzeugaufbereitung\\\/#breadcrumb\",\"itemListElement\":[{\"@type\":\"ListItem\",\"position\":1,\"name\":\"Startseite\",\"item\":\"https:\\\/\\\/dbperformancecars.com\\\/\"},{\"@type\":\"ListItem\",\"position\":2,\"name\":\"Fahrzeugaufbereitung\"}]},{\"@type\":\"WebSite\",\"@id\":\"https:\\\/\\\/dbperformancecars.com\\\/#website\",\"url\":\"https:\\\/\\\/dbperformancecars.com\\\/\",\"name\":\"DB Performance Cars | JDM Sportfahrzeuge\",\"description\":\"Japanische Sportfahrzeuge | Import\",\"publisher\":{\"@id\":\"https:\\\/\\\/dbperformancecars.com\\\/#organization\"},\"potentialAction\":[{\"@type\":\"SearchAction\",\"target\":{\"@type\":\"EntryPoint\",\"urlTemplate\":\"https:\\\/\\\/dbperformancecars.com\\\/?s={search_term_string}\"},\"query-input\":{\"@type\":\"PropertyValueSpecification\",\"valueRequired\":true,\"valueName\":\"search_term_string\"}}],\"inLanguage\":\"en-GB\"},{\"@type\":\"Organization\",\"@id\":\"https:\\\/\\\/dbperformancecars.com\\\/#organization\",\"name\":\"DB Performance Cars | JDM Sportfahrzeuge\",\"url\":\"https:\\\/\\\/dbperformancecars.com\\\/\",\"logo\":{\"@type\":\"ImageObject\",\"inLanguage\":\"en-GB\",\"@id\":\"https:\\\/\\\/dbperformancecars.com\\\/#\\\/schema\\\/logo\\\/image\\\/\",\"url\":\"https:\\\/\\\/dbperformancecars.com\\\/wp-content\\\/uploads\\\/2021\\\/03\\\/logo-e1615838312563.png\",\"contentUrl\":\"https:\\\/\\\/dbperformancecars.com\\\/wp-content\\\/uploads\\\/2021\\\/03\\\/logo-e1615838312563.png\",\"width\":1554,\"height\":252,\"caption\":\"DB Performance Cars | JDM Sportfahrzeuge\"},\"image\":{\"@id\":\"https:\\\/\\\/dbperformancecars.com\\\/#\\\/schema\\\/logo\\\/image\\\/\"},\"sameAs\":[\"https:\\\/\\\/www.instagram.com\\\/dbperformancecars\\\/\"]}]}<\/script>\n<!-- \/ Yoast SEO plugin. -->","yoast_head_json":{"title":"Fahrzeugaufbereitung - DB Performance Cars | JDM Sportfahrzeuge | Japan Import","robots":{"index":"index","follow":"follow","max-snippet":"max-snippet:-1","max-image-preview":"max-image-preview:large","max-video-preview":"max-video-preview:-1"},"canonical":"https:\/\/dbperformancecars.com\/en\/fahrzeugaufbereitung\/","og_locale":"en_GB","og_type":"article","og_title":"Fahrzeugaufbereitung - DB Performance Cars | JDM Sportfahrzeuge | Japan Import","og_url":"https:\/\/dbperformancecars.com\/en\/fahrzeugaufbereitung\/","og_site_name":"DB Performance Cars | JDM Sportfahrzeuge | Japan Import","article_modified_time":"2023-02-12T20:52:34+00:00","twitter_card":"summary_large_image","twitter_misc":{"Estimated reading time":"1 minute"},"schema":{"@context":"https:\/\/schema.org","@graph":[{"@type":"WebPage","@id":"https:\/\/dbperformancecars.com\/fahrzeugaufbereitung\/","url":"https:\/\/dbperformancecars.com\/fahrzeugaufbereitung\/","name":"Fahrzeugaufbereitung - DB Performance Cars | JDM Sportfahrzeuge | Japan Import","isPartOf":{"@id":"https:\/\/dbperformancecars.com\/#website"},"datePublished":"2023-02-12T20:39:21+00:00","dateModified":"2023-02-12T20:52:34+00:00","breadcrumb":{"@id":"https:\/\/dbperformancecars.com\/fahrzeugaufbereitung\/#breadcrumb"},"inLanguage":"en-GB","potentialAction":[{"@type":"ReadAction","target":["https:\/\/dbperformancecars.com\/fahrzeugaufbereitung\/"]}]},{"@type":"BreadcrumbList","@id":"https:\/\/dbperformancecars.com\/fahrzeugaufbereitung\/#breadcrumb","itemListElement":[{"@type":"ListItem","position":1,"name":"Startseite","item":"https:\/\/dbperformancecars.com\/"},{"@type":"ListItem","position":2,"name":"Fahrzeugaufbereitung"}]},{"@type":"WebSite","@id":"https:\/\/dbperformancecars.com\/#website","url":"https:\/\/dbperformancecars.com\/","name":"DB Performance Cars | JDM Sportfahrzeuge","description":"Japanische Sportfahrzeuge | Import","publisher":{"@id":"https:\/\/dbperformancecars.com\/#organization"},"potentialAction":[{"@type":"SearchAction","target":{"@type":"EntryPoint","urlTemplate":"https:\/\/dbperformancecars.com\/?s={search_term_string}"},"query-input":{"@type":"PropertyValueSpecification","valueRequired":true,"valueName":"search_term_string"}}],"inLanguage":"en-GB"},{"@type":"Organization","@id":"https:\/\/dbperformancecars.com\/#organization","name":"DB Performance Cars | JDM Sportfahrzeuge","url":"https:\/\/dbperformancecars.com\/","logo":{"@type":"ImageObject","inLanguage":"en-GB","@id":"https:\/\/dbperformancecars.com\/#\/schema\/logo\/image\/","url":"https:\/\/dbperformancecars.com\/wp-content\/uploads\/2021\/03\/logo-e1615838312563.png","contentUrl":"https:\/\/dbperformancecars.com\/wp-content\/uploads\/2021\/03\/logo-e1615838312563.png","width":1554,"height":252,"caption":"DB Performance Cars | JDM Sportfahrzeuge"},"image":{"@id":"https:\/\/dbperformancecars.com\/#\/schema\/logo\/image\/"},"sameAs":["https:\/\/www.instagram.com\/dbperformancecars\/"]}]}},"_links":{"self":[{"href":"https:\/\/dbperformancecars.com\/en\/wp-json\/wp\/v2\/pages\/739","targetHints":{"allow":["GET"]}}],"collection":[{"href":"https:\/\/dbperformancecars.com\/en\/wp-json\/wp\/v2\/pages"}],"about":[{"href":"https:\/\/dbperformancecars.com\/en\/wp-json\/wp\/v2\/types\/page"}],"author":[{"embeddable":true,"href":"https:\/\/dbperformancecars.com\/en\/wp-json\/wp\/v2\/users\/1"}],"replies":[{"embeddable":true,"href":"https:\/\/dbperformancecars.com\/en\/wp-json\/wp\/v2\/comments?post=739"}],"version-history":[{"count":9,"href":"https:\/\/dbperformancecars.com\/en\/wp-json\/wp\/v2\/pages\/739\/revisions"}],"predecessor-version":[{"id":748,"href":"https:\/\/dbperformancecars.com\/en\/wp-json\/wp\/v2\/pages\/739\/revisions\/748"}],"wp:attachment":[{"href":"https:\/\/dbperformancecars.com\/en\/wp-json\/wp\/v2\/media?parent=739"}],"wp:term":[{"taxonomy":"category","embeddable":true,"href":"https:\/\/dbperformancecars.com\/en\/wp-json\/wp\/v2\/categories?post=739"},{"taxonomy":"post_tag","embeddable":true,"href":"https:\/\/dbperformancecars.com\/en\/wp-json\/wp\/v2\/tags?post=739"}],"curies":[{"name":"wp","href":"https:\/\/api.w.org\/{rel}","templated":true}]}}