{"id":4639,"date":"2024-05-14T00:28:13","date_gmt":"2024-05-13T22:28:13","guid":{"rendered":"https:\/\/dbperformancecars.com\/?page_id=4639"},"modified":"2024-06-11T22:52:54","modified_gmt":"2024-06-11T20:52:54","slug":"unterbodenbehandlung","status":"publish","type":"page","link":"https:\/\/dbperformancecars.com\/en\/unterbodenbehandlung\/","title":{"rendered":"Unterbodenbehandlung"},"content":{"rendered":"<div class=\"wpb-content-wrapper\"><div class=\"vc_row wpb_row vc_row-fluid margin-bottom-none vc_custom_1515782941289\"><div class=\"wpb_column vc_column_container vc_col-sm-12\"><div class=\"vc_column-inner\"><div class=\"wpb_wrapper\">\n\t<div class=\"wpb_text_column wpb_content_element vc_custom_1718139092406 padding-left-none xs-padding-bottom-40\" >\n\t\t<div class=\"wpb_wrapper\">\n\t\t\t<h3 style=\"font-size: 30px; line-height: 45px; font-weight: bold;\">Der ideale Rostschutz f\u00fcr dein Fahrzeugunterboden!<\/h3>\n<p>&nbsp;<\/p>\n<p style=\"font-size: 18px; line-height: 30px;\"><i class=\"fa fa-check-circle-o\" style=\"color: #c7081b;\"><\/i> Professionelle Unterbodenbehandlung mit Trockeneis und Wachsversiegelung!<br \/>\n<i class=\"fa fa-check-circle-o\" style=\"color: #c7081b;\"><\/i> Gib Rost und Korrosion zuk\u00fcnftig keine Chance und sch\u00fctze dein Unterboden deines Fahrzeugs!<br \/>\n<i class=\"fa fa-check-circle-o\" style=\"color: #c7081b;\"><\/i> Trockeneisreinigung ist ideal f\u00fcr eine r\u00fcckstandfreie Reinigung und s\u00e4ubert die Oberfl\u00e4chen vor der Wachsbeschichtung<br \/>\n<i class=\"fa fa-check-circle-o\" style=\"color: #c7081b;\"><\/i> Wir benutzen ausschlie\u00dflich hochwertige Wachse und Produkte, welche langfristig Schutz bieten<br \/>\n<i class=\"fa fa-check-circle-o\" style=\"color: #c7081b;\"><\/i> Werterhalt und Steigerung des Verkaufspreises deines Fahrzeugs durch Verbesserung des Unterbodens<br \/>\n<i class=\"fa fa-check-circle-o\" style=\"color: #c7081b;\"><\/i> Professionelles Bilder Portfolio zur Dokumentation und als Nachweis!<\/p>\n\n\t\t<\/div>\n\t<\/div>\n<\/div><\/div><\/div><\/div><div data-vc-full-width=\"true\" data-vc-full-width-init=\"false\" data-vc-stretch-content=\"true\" style=\"height: 475px;\" class=\"vc_row wpb_row vc_row-fluid car-banner vc_custom_1718138932827 vc_row-has-fill\"><div class=\"wpb_column vc_column_container vc_col-sm-12\"><div class=\"vc_column-inner\"><div class=\"wpb_wrapper\"><\/div><\/div><\/div><\/div><div class=\"vc_row-full-width vc_clearfix\"><\/div><div class=\"vc_row wpb_row vc_row-fluid margin-bottom-none vc_custom_1717882573733\"><div class=\"wpb_column vc_column_container vc_col-sm-12\"><div class=\"vc_column-inner\"><div class=\"wpb_wrapper\">\n\t<div class=\"wpb_text_column wpb_content_element\" >\n\t\t<div class=\"wpb_wrapper\">\n\t\t\t<h2 style=\"text-align: center;\">Unser ausf\u00fchrliches Video zum Thema Unterbodenbehandlung!<\/h2>\n\n\t\t<\/div>\n\t<\/div>\n\n\t<div class=\"wpb_video_widget wpb_content_element vc_clearfix   vc_video-aspect-ratio-169 vc_video-el-width-100 vc_video-align-center\" >\n\t\t<div class=\"wpb_wrapper\">\n\t\t\t\n\t\t\t<div class=\"wpb_video_wrapper\"><iframe loading=\"lazy\" title=\"Unterboden Behandlung Trockeneis und Wachsversiegelung - DB Performance Cars\" width=\"500\" height=\"281\" src=\"https:\/\/www.youtube.com\/embed\/hfa0QEeUnDQ?feature=oembed\" frameborder=\"0\" allow=\"accelerometer; autoplay; clipboard-write; encrypted-media; gyroscope; picture-in-picture; web-share\" referrerpolicy=\"strict-origin-when-cross-origin\" allowfullscreen><\/iframe><\/div>\n\t\t<\/div>\n\t<\/div>\n\n\t<div class=\"wpb_text_column wpb_content_element vc_custom_1717883428128\" >\n\t\t<div class=\"wpb_wrapper\">\n\t\t\t<h2 style=\"text-align: center;\">Unsere Vorher\/Nachher Galerie!<\/h2>\nngg_shortcode_0_placeholder\n\n\t\t<\/div>\n\t<\/div>\n<\/div><\/div><\/div><\/div><div data-vc-full-width=\"true\" data-vc-full-width-init=\"false\" data-vc-stretch-content=\"true\" style=\"height: 425px;\" class=\"vc_row wpb_row vc_row-fluid car-banner vc_custom_1692049888672 vc_row-has-fill\"><div class=\"wpb_column vc_column_container vc_col-sm-12\"><div class=\"vc_column-inner\"><div class=\"wpb_wrapper\"><\/div><\/div><\/div><\/div><div class=\"vc_row-full-width vc_clearfix\"><\/div><div class=\"vc_row wpb_row vc_row-fluid margin-bottom-none vc_custom_1715639820072\"><div class=\"wpb_column vc_column_container vc_col-sm-12\"><div class=\"vc_column-inner\"><div class=\"wpb_wrapper\">\n\t<div class=\"wpb_text_column wpb_content_element vc_custom_1718139170413\" >\n\t\t<div class=\"wpb_wrapper\">\n\t\t\t<h2>\u00dcbersicht Premium Paket<\/h2>\n<p>&nbsp;<\/p>\n\n\t\t<\/div>\n\t<\/div>\n\n\t<div class=\"wpb_text_column wpb_content_element padding-left-none xs-padding-bottom-40\" >\n\t\t<div class=\"wpb_wrapper\">\n\t\t\t<p><i class=\"fa fa-check-circle-o\" style=\"color: #c7081b;\"><\/i> Erste Bestandsaufnahme und Begutachtung des Unterbodens auf der Hebeb\u00fchne<br \/>\n<i class=\"fa fa-check-circle-o\" style=\"color: #c7081b;\"><\/i> Demontage Plastikteile am Unterboden, Radlaufverkleidungen, Auspuff usw. je nach Absprache<br \/>\n<i class=\"fa fa-check-circle-o\" style=\"color: #c7081b;\"><\/i> Vorreinigung des kompletten Unterbodens und Radl\u00e4ufe<br \/>\n<i class=\"fa fa-check-circle-o\" style=\"color: #c7081b;\"><\/i> Abdeckung und abkleben des ganzen Fahrzeugs, Motorraum und Bauteile<br \/>\n<i class=\"fa fa-check-circle-o\" style=\"color: #c7081b;\"><\/i> Trockeneisreinigung des kompletten Unterbodens, Achsteile und Radl\u00e4ufe<br \/>\n<i class=\"fa fa-check-circle-o\" style=\"color: #c7081b;\"><\/i> mechanische Rostbehandlung<br \/>\n<i class=\"fa fa-check-circle-o\" style=\"color: #c7081b;\"><\/i> chemische Rostumwandlung mehrstufig<br \/>\n<i class=\"fa fa-check-circle-o\" style=\"color: #c7081b;\"><\/i> Wachsversiegelung transparent oder schwarz<br \/>\n<i class=\"fa fa-check-circle-o\" style=\"color: #c7081b;\"><\/i> Hohlraumversiegelung in s\u00e4mtlichen Stellen<br \/>\n<i class=\"fa fa-check-circle-o\" style=\"color: #c7081b;\"><\/i> Montage der zuvor demontierten Bauteile<br \/>\n<i class=\"fa fa-check-circle-o\" style=\"color: #c7081b;\"><\/i> professionelles Bilder Portfolio<br \/>\n<i class=\"fa fa-check-circle-o\" style=\"color: #c7081b;\"><\/i> Serviceheft Nachweis<\/p>\n<p><strong>Preis auf Anfrage<\/strong><\/p>\n\n\t\t<\/div>\n\t<\/div>\n<\/div><\/div><\/div><\/div><div data-vc-full-width=\"true\" data-vc-full-width-init=\"false\" data-vc-stretch-content=\"true\" style=\"height: 500px;\" class=\"vc_row wpb_row vc_row-fluid car-banner vc_custom_1692049984270 vc_row-has-fill\"><div class=\"wpb_column vc_column_container vc_col-sm-12\"><div class=\"vc_column-inner\"><div class=\"wpb_wrapper\"><\/div><\/div><\/div><\/div><div class=\"vc_row-full-width vc_clearfix\"><\/div><div class=\"vc_row wpb_row vc_row-fluid\"><div class=\"wpb_column vc_column_container vc_col-sm-12\"><div class=\"vc_column-inner\"><div class=\"wpb_wrapper\">\n\t<div class=\"wpb_text_column wpb_content_element\" >\n\t\t<div class=\"wpb_wrapper\">\n\t\t\t<h3>Kontaktformular<\/h3>\n\n\t\t<\/div>\n\t<\/div>\n<style id=\"wpforms-css-vars-1014\">\n\t\t\t\t#wpforms-1014 {\n\t\t\t\t\n\t\t\t}\n\t\t\t<\/style><div class=\"wpforms-container wpforms-container-full wpforms-render-modern\" id=\"wpforms-1014\"><form id=\"wpforms-form-1014\" class=\"wpforms-validate wpforms-form wpforms-ajax-form\" data-formid=\"1014\" method=\"post\" enctype=\"multipart\/form-data\" action=\"\/en\/wp-json\/wp\/v2\/pages\/4639\" data-token=\"d9028c57600498bba9649bf4520b156c\" data-token-time=\"1775931562\"><noscript class=\"wpforms-error-noscript\">Please enable JavaScript in your browser to complete this form.<\/noscript><div id=\"wpforms-error-noscript\" style=\"display: none;\">Please enable JavaScript in your browser to complete this form.<\/div><div class=\"wpforms-field-container\"><div id=\"wpforms-1014-field_0-container\" class=\"wpforms-field wpforms-field-name\" data-field-id=\"0\"><label class=\"wpforms-field-label wpforms-label-hide\" for=\"wpforms-1014-field_0\" aria-hidden=\"false\">Name <span class=\"wpforms-required-label\" aria-hidden=\"true\">*<\/span><\/label><input type=\"text\" id=\"wpforms-1014-field_0\" class=\"wpforms-field-medium wpforms-field-required\" name=\"wpforms[fields][0]\" placeholder=\"Name \" aria-errormessage=\"wpforms-1014-field_0-error\" required><\/div><div id=\"wpforms-1014-field_1-container\" class=\"wpforms-field wpforms-field-email\" data-field-id=\"1\"><label class=\"wpforms-field-label wpforms-label-hide\" for=\"wpforms-1014-field_1\" aria-hidden=\"false\">E-Mail <span class=\"wpforms-required-label\" aria-hidden=\"true\">*<\/span><\/label><input type=\"email\" id=\"wpforms-1014-field_1\" class=\"wpforms-field-medium wpforms-field-required\" name=\"wpforms[fields][1]\" placeholder=\"E-Mail\" spellcheck=\"false\" aria-errormessage=\"wpforms-1014-field_1-error\" required><\/div><div id=\"wpforms-1014-field_3-container\" class=\"wpforms-field wpforms-field-text\" data-field-id=\"3\"><label class=\"wpforms-field-label wpforms-label-hide\" for=\"wpforms-1014-field_3\" aria-hidden=\"false\">Telefonnummer <span class=\"wpforms-required-label\" aria-hidden=\"true\">*<\/span><\/label><input type=\"text\" id=\"wpforms-1014-field_3\" class=\"wpforms-field-medium wpforms-field-required\" name=\"wpforms[fields][3]\" placeholder=\"Telefonnummer\" aria-errormessage=\"wpforms-1014-field_3-error\" required><\/div><div id=\"wpforms-1014-field_4-container\" class=\"wpforms-field wpforms-field-text\" data-field-id=\"4\"><label class=\"wpforms-field-label wpforms-label-hide\" for=\"wpforms-1014-field_4\" aria-hidden=\"false\">Betreff <span class=\"wpforms-required-label\" aria-hidden=\"true\">*<\/span><\/label><input type=\"text\" id=\"wpforms-1014-field_4\" class=\"wpforms-field-medium wpforms-field-required\" name=\"wpforms[fields][4]\" placeholder=\"Betreff\" aria-errormessage=\"wpforms-1014-field_4-error\" required><\/div><div id=\"wpforms-1014-field_2-container\" class=\"wpforms-field wpforms-field-textarea\" data-field-id=\"2\"><label class=\"wpforms-field-label wpforms-label-hide\" for=\"wpforms-1014-field_2\" aria-hidden=\"false\">Nachricht <span class=\"wpforms-required-label\" aria-hidden=\"true\">*<\/span><\/label><textarea id=\"wpforms-1014-field_2\" class=\"wpforms-field-medium wpforms-field-required\" name=\"wpforms[fields][2]\" placeholder=\"Nachricht\" aria-errormessage=\"wpforms-1014-field_2-error\" required><\/textarea><\/div><div id=\"wpforms-1014-field_5-container\" class=\"wpforms-field wpforms-field-checkbox\" data-field-id=\"5\"><fieldset><legend class=\"wpforms-field-label\">Datenschutz <span class=\"wpforms-required-label\" aria-hidden=\"true\">*<\/span><\/legend><ul id=\"wpforms-1014-field_5\" class=\"wpforms-field-required\"><li class=\"choice-1 depth-1\"><input type=\"checkbox\" id=\"wpforms-1014-field_5_1\" name=\"wpforms[fields][5][]\" value=\"Ich habe die Datenschutzerkl\u00e4rung gelesen und bin damit einverstanden.\" aria-errormessage=\"wpforms-1014-field_5_1-error\" required ><label class=\"wpforms-field-label-inline\" for=\"wpforms-1014-field_5_1\">Ich habe die Datenschutzerkl\u00e4rung gelesen und bin damit einverstanden.<\/label><\/li><\/ul><\/fieldset><\/div><\/div><!-- .wpforms-field-container --><div class=\"wpforms-submit-container\" ><input type=\"hidden\" name=\"wpforms[id]\" value=\"1014\"><input type=\"hidden\" name=\"page_title\" value=\"\"><input type=\"hidden\" name=\"page_url\" value=\"https:\/\/dbperformancecars.com\/en\/wp-json\/wp\/v2\/pages\/4639\"><input type=\"hidden\" name=\"url_referer\" value=\"\"><button type=\"submit\" name=\"wpforms[submit]\" id=\"wpforms-submit-1014\" class=\"wpforms-submit\" data-alt-text=\"Senden\u2026\" data-submit-text=\"Absenden\" aria-live=\"assertive\" value=\"wpforms-submit\">Absenden<\/button><img loading=\"lazy\" decoding=\"async\" src=\"https:\/\/dbperformancecars.com\/wp-content\/plugins\/wpforms-lite\/assets\/images\/submit-spin.svg\" class=\"wpforms-submit-spinner\" style=\"display: none;\" width=\"26\" height=\"26\" alt=\"Loading\"><\/div><\/form><\/div>  <!-- .wpforms-container --><\/div><\/div><\/div><\/div>\n<\/div>","protected":false},"excerpt":{"rendered":"Der ideale Rostschutz f\u00fcr dein Fahrzeugunterboden! &nbsp; Professionelle Unterbodenbehandlung mit Trockeneis und Wachsversiegelung! Gib Rost und Korrosion zuk\u00fcnftig keine Chance und sch\u00fctze dein Unterboden deines Fahrzeugs! Trockeneisreinigung ist ideal f\u00fcr eine r\u00fcckstandfreie Reinigung und s\u00e4ubert die Oberfl\u00e4chen vor der Wachsbeschichtung Wir benutzen ausschlie\u00dflich hochwertige Wachse und Produkte, welche langfristig Schutz bieten Werterhalt und Steigerung des [...]","protected":false},"author":1,"featured_media":0,"parent":0,"menu_order":0,"comment_status":"closed","ping_status":"closed","template":"","meta":{"ngg_post_thumbnail":0,"footnotes":""},"categories":[],"tags":[],"class_list":["post-4639","page","type-page","status-publish","hentry"],"yoast_head":"<!-- This site is optimized with the Yoast SEO plugin v27.3 - https:\/\/yoast.com\/product\/yoast-seo-wordpress\/ -->\n<title>Unterbodenbehandlung - DB Performance Cars | JDM Sportfahrzeuge | Japan Import<\/title>\n<meta name=\"robots\" content=\"index, follow, max-snippet:-1, max-image-preview:large, max-video-preview:-1\" \/>\n<link rel=\"canonical\" href=\"https:\/\/dbperformancecars.com\/en\/unterbodenbehandlung\/\" \/>\n<meta property=\"og:locale\" content=\"en_GB\" \/>\n<meta property=\"og:type\" content=\"article\" \/>\n<meta property=\"og:title\" content=\"Unterbodenbehandlung - DB Performance Cars | JDM Sportfahrzeuge | Japan Import\" \/>\n<meta property=\"og:url\" content=\"https:\/\/dbperformancecars.com\/en\/unterbodenbehandlung\/\" \/>\n<meta property=\"og:site_name\" content=\"DB Performance Cars | JDM Sportfahrzeuge | Japan Import\" \/>\n<meta property=\"article:modified_time\" content=\"2024-06-11T20:52:54+00:00\" \/>\n<meta name=\"twitter:card\" content=\"summary_large_image\" \/>\n<meta name=\"twitter:label1\" content=\"Estimated reading time\" \/>\n\t<meta name=\"twitter:data1\" content=\"2 minutes\" \/>\n<script type=\"application\/ld+json\" class=\"yoast-schema-graph\">{\"@context\":\"https:\\\/\\\/schema.org\",\"@graph\":[{\"@type\":\"WebPage\",\"@id\":\"https:\\\/\\\/dbperformancecars.com\\\/unterbodenbehandlung\\\/\",\"url\":\"https:\\\/\\\/dbperformancecars.com\\\/unterbodenbehandlung\\\/\",\"name\":\"Unterbodenbehandlung - DB Performance Cars | JDM Sportfahrzeuge | Japan Import\",\"isPartOf\":{\"@id\":\"https:\\\/\\\/dbperformancecars.com\\\/#website\"},\"datePublished\":\"2024-05-13T22:28:13+00:00\",\"dateModified\":\"2024-06-11T20:52:54+00:00\",\"breadcrumb\":{\"@id\":\"https:\\\/\\\/dbperformancecars.com\\\/unterbodenbehandlung\\\/#breadcrumb\"},\"inLanguage\":\"en-GB\",\"potentialAction\":[{\"@type\":\"ReadAction\",\"target\":[\"https:\\\/\\\/dbperformancecars.com\\\/unterbodenbehandlung\\\/\"]}]},{\"@type\":\"BreadcrumbList\",\"@id\":\"https:\\\/\\\/dbperformancecars.com\\\/unterbodenbehandlung\\\/#breadcrumb\",\"itemListElement\":[{\"@type\":\"ListItem\",\"position\":1,\"name\":\"Startseite\",\"item\":\"https:\\\/\\\/dbperformancecars.com\\\/\"},{\"@type\":\"ListItem\",\"position\":2,\"name\":\"Unterbodenbehandlung\"}]},{\"@type\":\"WebSite\",\"@id\":\"https:\\\/\\\/dbperformancecars.com\\\/#website\",\"url\":\"https:\\\/\\\/dbperformancecars.com\\\/\",\"name\":\"DB Performance Cars | JDM Sportfahrzeuge\",\"description\":\"Japanische Sportfahrzeuge | Import\",\"publisher\":{\"@id\":\"https:\\\/\\\/dbperformancecars.com\\\/#organization\"},\"potentialAction\":[{\"@type\":\"SearchAction\",\"target\":{\"@type\":\"EntryPoint\",\"urlTemplate\":\"https:\\\/\\\/dbperformancecars.com\\\/?s={search_term_string}\"},\"query-input\":{\"@type\":\"PropertyValueSpecification\",\"valueRequired\":true,\"valueName\":\"search_term_string\"}}],\"inLanguage\":\"en-GB\"},{\"@type\":\"Organization\",\"@id\":\"https:\\\/\\\/dbperformancecars.com\\\/#organization\",\"name\":\"DB Performance Cars | JDM Sportfahrzeuge\",\"url\":\"https:\\\/\\\/dbperformancecars.com\\\/\",\"logo\":{\"@type\":\"ImageObject\",\"inLanguage\":\"en-GB\",\"@id\":\"https:\\\/\\\/dbperformancecars.com\\\/#\\\/schema\\\/logo\\\/image\\\/\",\"url\":\"https:\\\/\\\/dbperformancecars.com\\\/wp-content\\\/uploads\\\/2021\\\/03\\\/logo-e1615838312563.png\",\"contentUrl\":\"https:\\\/\\\/dbperformancecars.com\\\/wp-content\\\/uploads\\\/2021\\\/03\\\/logo-e1615838312563.png\",\"width\":1554,\"height\":252,\"caption\":\"DB Performance Cars | JDM Sportfahrzeuge\"},\"image\":{\"@id\":\"https:\\\/\\\/dbperformancecars.com\\\/#\\\/schema\\\/logo\\\/image\\\/\"},\"sameAs\":[\"https:\\\/\\\/www.instagram.com\\\/dbperformancecars\\\/\"]}]}<\/script>\n<!-- \/ Yoast SEO plugin. -->","yoast_head_json":{"title":"Unterbodenbehandlung - DB Performance Cars | JDM Sportfahrzeuge | Japan Import","robots":{"index":"index","follow":"follow","max-snippet":"max-snippet:-1","max-image-preview":"max-image-preview:large","max-video-preview":"max-video-preview:-1"},"canonical":"https:\/\/dbperformancecars.com\/en\/unterbodenbehandlung\/","og_locale":"en_GB","og_type":"article","og_title":"Unterbodenbehandlung - DB Performance Cars | JDM Sportfahrzeuge | Japan Import","og_url":"https:\/\/dbperformancecars.com\/en\/unterbodenbehandlung\/","og_site_name":"DB Performance Cars | JDM Sportfahrzeuge | Japan Import","article_modified_time":"2024-06-11T20:52:54+00:00","twitter_card":"summary_large_image","twitter_misc":{"Estimated reading time":"2 minutes"},"schema":{"@context":"https:\/\/schema.org","@graph":[{"@type":"WebPage","@id":"https:\/\/dbperformancecars.com\/unterbodenbehandlung\/","url":"https:\/\/dbperformancecars.com\/unterbodenbehandlung\/","name":"Unterbodenbehandlung - DB Performance Cars | JDM Sportfahrzeuge | Japan Import","isPartOf":{"@id":"https:\/\/dbperformancecars.com\/#website"},"datePublished":"2024-05-13T22:28:13+00:00","dateModified":"2024-06-11T20:52:54+00:00","breadcrumb":{"@id":"https:\/\/dbperformancecars.com\/unterbodenbehandlung\/#breadcrumb"},"inLanguage":"en-GB","potentialAction":[{"@type":"ReadAction","target":["https:\/\/dbperformancecars.com\/unterbodenbehandlung\/"]}]},{"@type":"BreadcrumbList","@id":"https:\/\/dbperformancecars.com\/unterbodenbehandlung\/#breadcrumb","itemListElement":[{"@type":"ListItem","position":1,"name":"Startseite","item":"https:\/\/dbperformancecars.com\/"},{"@type":"ListItem","position":2,"name":"Unterbodenbehandlung"}]},{"@type":"WebSite","@id":"https:\/\/dbperformancecars.com\/#website","url":"https:\/\/dbperformancecars.com\/","name":"DB Performance Cars | JDM Sportfahrzeuge","description":"Japanische Sportfahrzeuge | Import","publisher":{"@id":"https:\/\/dbperformancecars.com\/#organization"},"potentialAction":[{"@type":"SearchAction","target":{"@type":"EntryPoint","urlTemplate":"https:\/\/dbperformancecars.com\/?s={search_term_string}"},"query-input":{"@type":"PropertyValueSpecification","valueRequired":true,"valueName":"search_term_string"}}],"inLanguage":"en-GB"},{"@type":"Organization","@id":"https:\/\/dbperformancecars.com\/#organization","name":"DB Performance Cars | JDM Sportfahrzeuge","url":"https:\/\/dbperformancecars.com\/","logo":{"@type":"ImageObject","inLanguage":"en-GB","@id":"https:\/\/dbperformancecars.com\/#\/schema\/logo\/image\/","url":"https:\/\/dbperformancecars.com\/wp-content\/uploads\/2021\/03\/logo-e1615838312563.png","contentUrl":"https:\/\/dbperformancecars.com\/wp-content\/uploads\/2021\/03\/logo-e1615838312563.png","width":1554,"height":252,"caption":"DB Performance Cars | JDM Sportfahrzeuge"},"image":{"@id":"https:\/\/dbperformancecars.com\/#\/schema\/logo\/image\/"},"sameAs":["https:\/\/www.instagram.com\/dbperformancecars\/"]}]}},"_links":{"self":[{"href":"https:\/\/dbperformancecars.com\/en\/wp-json\/wp\/v2\/pages\/4639","targetHints":{"allow":["GET"]}}],"collection":[{"href":"https:\/\/dbperformancecars.com\/en\/wp-json\/wp\/v2\/pages"}],"about":[{"href":"https:\/\/dbperformancecars.com\/en\/wp-json\/wp\/v2\/types\/page"}],"author":[{"embeddable":true,"href":"https:\/\/dbperformancecars.com\/en\/wp-json\/wp\/v2\/users\/1"}],"replies":[{"embeddable":true,"href":"https:\/\/dbperformancecars.com\/en\/wp-json\/wp\/v2\/comments?post=4639"}],"version-history":[{"count":10,"href":"https:\/\/dbperformancecars.com\/en\/wp-json\/wp\/v2\/pages\/4639\/revisions"}],"predecessor-version":[{"id":5206,"href":"https:\/\/dbperformancecars.com\/en\/wp-json\/wp\/v2\/pages\/4639\/revisions\/5206"}],"wp:attachment":[{"href":"https:\/\/dbperformancecars.com\/en\/wp-json\/wp\/v2\/media?parent=4639"}],"wp:term":[{"taxonomy":"category","embeddable":true,"href":"https:\/\/dbperformancecars.com\/en\/wp-json\/wp\/v2\/categories?post=4639"},{"taxonomy":"post_tag","embeddable":true,"href":"https:\/\/dbperformancecars.com\/en\/wp-json\/wp\/v2\/tags?post=4639"}],"curies":[{"name":"wp","href":"https:\/\/api.w.org\/{rel}","templated":true}]}}