{"id":182,"date":"2017-09-10T16:43:54","date_gmt":"2017-09-10T14:43:54","guid":{"rendered":"http:\/\/demo.themesuite.com\/automotive-wp\/?page_id=36"},"modified":"2025-03-12T08:21:03","modified_gmt":"2025-03-12T07:21:03","slug":"unternehmen","status":"publish","type":"page","link":"https:\/\/dbperformancecars.com\/en\/unternehmen\/","title":{"rendered":"Company"},"content":{"rendered":"<div class=\"wpb-content-wrapper\"><div class=\"vc_row wpb_row vc_row-fluid margin-bottom-none\"><div class=\"wpb_column vc_column_container vc_col-sm-12\"><div class=\"vc_column-inner\"><div class=\"wpb_wrapper\">\n\t<div class=\"wpb_text_column wpb_content_element\" >\n\t\t<div class=\"wpb_wrapper\">\n\t\t\t<h3>\u00dcber DB Performance Cars<\/h3>\n\n\t\t<\/div>\n\t<\/div>\n\n\t<div class=\"wpb_text_column wpb_content_element\" >\n\t\t<div class=\"wpb_wrapper\">\n\t\t\t<p>DB Performance Cars wurde im Jahre 2021 gegr\u00fcndet vom Inhaber Denis Baumgartner, welcher bereits \u00fcber 1 Jahrzehnt Erfahrung im Bereich japanischer Sportwagen hat. Bekannt durch seinen 1.000 PS Supra, welcher bereits bei GRIP auf RTL2 zu sehen war, hat er sich einen Namen und einen Bekanntheitsgrad geschaffen. Dieses spezielle und liebevolle aufgebaute Fahrzeug dient zudem als einer der Showfahrzeuge f\u00fcr das Unternehmen und ist das Aush\u00e4ngeschild. Was zuvor eine pers\u00f6nliche Leidenschaft war, wurde nun zum Beruf. Denis Baumgartner ist ausgebildeter KFZ-Mechatroniker und hat sich zus\u00e4tzlich zum Hauptbereich Verkauf von Fahrzeugen, damit ein technisches Verst\u00e4ndnis und eine Expertise zum Fahrzeugaufbau angeeignet. Sp\u00e4ter hat er ein Fahrzeugtechnikstudium begonnen und dann in der Entwicklung Automotive gearbeitet. Mit diesem angeeigneten Fachwissen, weiteren Qualifikationen und seinem hohen Qualit\u00e4tsanspruch, hat er es sich zur Aufgabe gemacht, seinen Kunden hochwertige und besondere Fahrzeuge anzubieten. Eine absolute Kundenzufriedenheit und saubere und gewissenhafte Arbeit stehen bei der Firmenphilosophie an oberster Stelle.<\/p>\n<p><img loading=\"lazy\" decoding=\"async\" class=\"alignnone size-medium wp-image-4968\" src=\"https:\/\/dbperformancecars.com\/wp-content\/uploads\/SPA_DB-Performance-Cars_AR_0004-300x200.jpg\" alt=\"\" width=\"300\" height=\"200\" srcset=\"https:\/\/dbperformancecars.com\/wp-content\/uploads\/SPA_DB-Performance-Cars_AR_0004-300x200.jpg 300w, https:\/\/dbperformancecars.com\/wp-content\/uploads\/SPA_DB-Performance-Cars_AR_0004-1620x1080.jpg 1620w, https:\/\/dbperformancecars.com\/wp-content\/uploads\/SPA_DB-Performance-Cars_AR_0004-768x512.jpg 768w, https:\/\/dbperformancecars.com\/wp-content\/uploads\/SPA_DB-Performance-Cars_AR_0004-1536x1024.jpg 1536w, https:\/\/dbperformancecars.com\/wp-content\/uploads\/SPA_DB-Performance-Cars_AR_0004-2048x1365.jpg 2048w, https:\/\/dbperformancecars.com\/wp-content\/uploads\/SPA_DB-Performance-Cars_AR_0004-18x12.jpg 18w\" sizes=\"auto, (max-width: 300px) 100vw, 300px\" \/> <img loading=\"lazy\" decoding=\"async\" class=\"alignnone size-medium wp-image-4969\" src=\"https:\/\/dbperformancecars.com\/wp-content\/uploads\/SPA_DB-Performance-Cars_AR_0067-300x200.jpg\" alt=\"\" width=\"300\" height=\"200\" srcset=\"https:\/\/dbperformancecars.com\/wp-content\/uploads\/SPA_DB-Performance-Cars_AR_0067-300x200.jpg 300w, https:\/\/dbperformancecars.com\/wp-content\/uploads\/SPA_DB-Performance-Cars_AR_0067-1620x1080.jpg 1620w, https:\/\/dbperformancecars.com\/wp-content\/uploads\/SPA_DB-Performance-Cars_AR_0067-768x512.jpg 768w, https:\/\/dbperformancecars.com\/wp-content\/uploads\/SPA_DB-Performance-Cars_AR_0067-1536x1024.jpg 1536w, https:\/\/dbperformancecars.com\/wp-content\/uploads\/SPA_DB-Performance-Cars_AR_0067-2048x1365.jpg 2048w, https:\/\/dbperformancecars.com\/wp-content\/uploads\/SPA_DB-Performance-Cars_AR_0067-18x12.jpg 18w\" sizes=\"auto, (max-width: 300px) 100vw, 300px\" \/> <img loading=\"lazy\" decoding=\"async\" class=\"alignnone size-medium wp-image-4971\" src=\"https:\/\/dbperformancecars.com\/wp-content\/uploads\/SPA_DB-Performance-Cars_AR_0089-300x200.jpg\" alt=\"\" width=\"300\" height=\"200\" srcset=\"https:\/\/dbperformancecars.com\/wp-content\/uploads\/SPA_DB-Performance-Cars_AR_0089-300x200.jpg 300w, https:\/\/dbperformancecars.com\/wp-content\/uploads\/SPA_DB-Performance-Cars_AR_0089-1620x1080.jpg 1620w, https:\/\/dbperformancecars.com\/wp-content\/uploads\/SPA_DB-Performance-Cars_AR_0089-768x512.jpg 768w, https:\/\/dbperformancecars.com\/wp-content\/uploads\/SPA_DB-Performance-Cars_AR_0089-1536x1024.jpg 1536w, https:\/\/dbperformancecars.com\/wp-content\/uploads\/SPA_DB-Performance-Cars_AR_0089-2048x1365.jpg 2048w, https:\/\/dbperformancecars.com\/wp-content\/uploads\/SPA_DB-Performance-Cars_AR_0089-18x12.jpg 18w\" sizes=\"auto, (max-width: 300px) 100vw, 300px\" \/><\/p>\n<p>Der Standort von DB Performance Cars liegt in 89537 Giengen in Baden-W\u00fcrttemberg Deutschland. In einem modernen Firmengeb\u00e4ude direkt in guter Lage an der Haupstra\u00dfe, ist der Showroom, eine Werkstatt und das B\u00fcro mit modernem Design vorzufinden. Zudem ist ein gem\u00fctlicher Kunden Lounge Bereich vorzufinden, mit Blick auf eine tolle hochwertige Modellautosammlung und einer \u201eWall of fame\u201c der gl\u00fccklichen und stolzen Kunden und ihren Traumautos.<\/p>\n<p><img loading=\"lazy\" decoding=\"async\" class=\"alignnone size-medium wp-image-7804\" src=\"https:\/\/dbperformancecars.com\/wp-content\/uploads\/Mitglied-im-BVfK-Durchsichtig-260x300.jpg\" alt=\"\" width=\"260\" height=\"300\" srcset=\"https:\/\/dbperformancecars.com\/wp-content\/uploads\/Mitglied-im-BVfK-Durchsichtig-260x300.jpg 260w, https:\/\/dbperformancecars.com\/wp-content\/uploads\/Mitglied-im-BVfK-Durchsichtig-935x1080.jpg 935w, https:\/\/dbperformancecars.com\/wp-content\/uploads\/Mitglied-im-BVfK-Durchsichtig-768x887.jpg 768w, https:\/\/dbperformancecars.com\/wp-content\/uploads\/Mitglied-im-BVfK-Durchsichtig-10x12.jpg 10w, https:\/\/dbperformancecars.com\/wp-content\/uploads\/Mitglied-im-BVfK-Durchsichtig.jpg 1029w\" sizes=\"auto, (max-width: 260px) 100vw, 260px\" \/>&nbsp; &nbsp; &nbsp; <img loading=\"lazy\" decoding=\"async\" class=\"alignnone size-medium wp-image-7807\" src=\"https:\/\/dbperformancecars.com\/wp-content\/uploads\/certificate-1-300x226.png\" alt=\"\" width=\"300\" height=\"226\" srcset=\"https:\/\/dbperformancecars.com\/wp-content\/uploads\/certificate-1-300x226.png 300w, https:\/\/dbperformancecars.com\/wp-content\/uploads\/certificate-1-1434x1080.png 1434w, https:\/\/dbperformancecars.com\/wp-content\/uploads\/certificate-1-768x579.png 768w, https:\/\/dbperformancecars.com\/wp-content\/uploads\/certificate-1-1536x1157.png 1536w, https:\/\/dbperformancecars.com\/wp-content\/uploads\/certificate-1-2048x1543.png 2048w, https:\/\/dbperformancecars.com\/wp-content\/uploads\/certificate-1-16x12.png 16w, https:\/\/dbperformancecars.com\/wp-content\/uploads\/certificate-1-200x150.png 200w\" sizes=\"auto, (max-width: 300px) 100vw, 300px\" \/><\/p>\n\n\t\t<\/div>\n\t<\/div>\n<div class=\"vc_empty_space\"   style=\"height: 150px\"><span class=\"vc_empty_space_inner\"><\/span><\/div><\/div><\/div><\/div><\/div><div data-vc-full-width=\"true\" data-vc-full-width-init=\"false\" data-vc-stretch-content=\"true\" style=\"height: 350px;\" class=\"vc_row wpb_row vc_row-fluid vc_custom_1617617464596 vc_row-has-fill\"><div class=\"wpb_column vc_column_container vc_col-sm-12\"><div class=\"vc_column-inner\"><div class=\"wpb_wrapper\"><\/div><\/div><\/div><\/div><div class=\"vc_row-full-width vc_clearfix\"><\/div><div class=\"vc_row wpb_row vc_row-fluid\"><div class=\"wpb_column vc_column_container vc_col-sm-12\"><div class=\"vc_column-inner\"><div class=\"wpb_wrapper\">\n\t<div class=\"wpb_text_column wpb_content_element\" >\n\t\t<div class=\"wpb_wrapper\">\n\t\t\t<h3>Kontaktformular<\/h3>\n\n\t\t<\/div>\n\t<\/div>\n<style id=\"wpforms-css-vars-1014\">\n\t\t\t\t#wpforms-1014 {\n\t\t\t\t\n\t\t\t}\n\t\t\t<\/style><div class=\"wpforms-container wpforms-container-full wpforms-render-modern\" id=\"wpforms-1014\"><form id=\"wpforms-form-1014\" class=\"wpforms-validate wpforms-form wpforms-ajax-form\" data-formid=\"1014\" method=\"post\" enctype=\"multipart\/form-data\" action=\"\/en\/wp-json\/wp\/v2\/pages\/182\" data-token=\"be909834d7063f6fa591fcffb45610b0\" data-token-time=\"1775811480\"><noscript class=\"wpforms-error-noscript\">Please enable JavaScript in your browser to complete this form.<\/noscript><div id=\"wpforms-error-noscript\" style=\"display: none;\">Please enable JavaScript in your browser to complete this form.<\/div><div class=\"wpforms-field-container\"><div id=\"wpforms-1014-field_0-container\" class=\"wpforms-field wpforms-field-name\" data-field-id=\"0\"><label class=\"wpforms-field-label wpforms-label-hide\" for=\"wpforms-1014-field_0\" aria-hidden=\"false\">Name <span class=\"wpforms-required-label\" aria-hidden=\"true\">*<\/span><\/label><input type=\"text\" id=\"wpforms-1014-field_0\" class=\"wpforms-field-medium wpforms-field-required\" name=\"wpforms[fields][0]\" placeholder=\"Name \" aria-errormessage=\"wpforms-1014-field_0-error\" required><\/div><div id=\"wpforms-1014-field_1-container\" class=\"wpforms-field wpforms-field-email\" data-field-id=\"1\"><label class=\"wpforms-field-label wpforms-label-hide\" for=\"wpforms-1014-field_1\" aria-hidden=\"false\">E-Mail <span class=\"wpforms-required-label\" aria-hidden=\"true\">*<\/span><\/label><input type=\"email\" id=\"wpforms-1014-field_1\" class=\"wpforms-field-medium wpforms-field-required\" name=\"wpforms[fields][1]\" placeholder=\"E-Mail\" spellcheck=\"false\" aria-errormessage=\"wpforms-1014-field_1-error\" required><\/div><div id=\"wpforms-1014-field_3-container\" class=\"wpforms-field wpforms-field-text\" data-field-id=\"3\"><label class=\"wpforms-field-label wpforms-label-hide\" for=\"wpforms-1014-field_3\" aria-hidden=\"false\">Telefonnummer <span class=\"wpforms-required-label\" aria-hidden=\"true\">*<\/span><\/label><input type=\"text\" id=\"wpforms-1014-field_3\" class=\"wpforms-field-medium wpforms-field-required\" name=\"wpforms[fields][3]\" placeholder=\"Telefonnummer\" aria-errormessage=\"wpforms-1014-field_3-error\" required><\/div><div id=\"wpforms-1014-field_4-container\" class=\"wpforms-field wpforms-field-text\" data-field-id=\"4\"><label class=\"wpforms-field-label wpforms-label-hide\" for=\"wpforms-1014-field_4\" aria-hidden=\"false\">Betreff <span class=\"wpforms-required-label\" aria-hidden=\"true\">*<\/span><\/label><input type=\"text\" id=\"wpforms-1014-field_4\" class=\"wpforms-field-medium wpforms-field-required\" name=\"wpforms[fields][4]\" placeholder=\"Betreff\" aria-errormessage=\"wpforms-1014-field_4-error\" required><\/div><div id=\"wpforms-1014-field_2-container\" class=\"wpforms-field wpforms-field-textarea\" data-field-id=\"2\"><label class=\"wpforms-field-label wpforms-label-hide\" for=\"wpforms-1014-field_2\" aria-hidden=\"false\">Nachricht <span class=\"wpforms-required-label\" aria-hidden=\"true\">*<\/span><\/label><textarea id=\"wpforms-1014-field_2\" class=\"wpforms-field-medium wpforms-field-required\" name=\"wpforms[fields][2]\" placeholder=\"Nachricht\" aria-errormessage=\"wpforms-1014-field_2-error\" required><\/textarea><\/div><div id=\"wpforms-1014-field_5-container\" class=\"wpforms-field wpforms-field-checkbox\" data-field-id=\"5\"><fieldset><legend class=\"wpforms-field-label\">Datenschutz <span class=\"wpforms-required-label\" aria-hidden=\"true\">*<\/span><\/legend><ul id=\"wpforms-1014-field_5\" class=\"wpforms-field-required\"><li class=\"choice-1 depth-1\"><input type=\"checkbox\" id=\"wpforms-1014-field_5_1\" name=\"wpforms[fields][5][]\" value=\"Ich habe die Datenschutzerkl\u00e4rung gelesen und bin damit einverstanden.\" aria-errormessage=\"wpforms-1014-field_5_1-error\" required ><label class=\"wpforms-field-label-inline\" for=\"wpforms-1014-field_5_1\">Ich habe die Datenschutzerkl\u00e4rung gelesen und bin damit einverstanden.<\/label><\/li><\/ul><\/fieldset><\/div><\/div><!-- .wpforms-field-container --><div class=\"wpforms-submit-container\" ><input type=\"hidden\" name=\"wpforms[id]\" value=\"1014\"><input type=\"hidden\" name=\"page_title\" value=\"\"><input type=\"hidden\" name=\"page_url\" value=\"https:\/\/dbperformancecars.com\/en\/wp-json\/wp\/v2\/pages\/182\"><input type=\"hidden\" name=\"url_referer\" value=\"\"><button type=\"submit\" name=\"wpforms[submit]\" id=\"wpforms-submit-1014\" class=\"wpforms-submit\" data-alt-text=\"Senden\u2026\" data-submit-text=\"Absenden\" aria-live=\"assertive\" value=\"wpforms-submit\">Absenden<\/button><img loading=\"lazy\" decoding=\"async\" src=\"https:\/\/dbperformancecars.com\/wp-content\/plugins\/wpforms-lite\/assets\/images\/submit-spin.svg\" class=\"wpforms-submit-spinner\" style=\"display: none;\" width=\"26\" height=\"26\" alt=\"Loading\"><\/div><\/form><\/div>  <!-- .wpforms-container --><\/div><\/div><\/div><\/div>\n<\/div>","protected":false},"excerpt":{"rendered":"\u00dcber DB Performance Cars DB Performance Cars wurde im Jahre 2021 gegr\u00fcndet vom Inhaber Denis Baumgartner, welcher bereits \u00fcber 1 Jahrzehnt Erfahrung im Bereich japanischer Sportwagen hat. Bekannt durch seinen 1.000 PS Supra, welcher bereits bei GRIP auf RTL2 zu sehen war, hat er sich einen Namen und einen Bekanntheitsgrad geschaffen. Dieses spezielle und liebevolle [...]","protected":false},"author":1,"featured_media":0,"parent":0,"menu_order":0,"comment_status":"closed","ping_status":"closed","template":"","meta":{"ngg_post_thumbnail":0,"footnotes":""},"categories":[],"tags":[],"class_list":["post-182","page","type-page","status-publish","hentry"],"yoast_head":"<!-- This site is optimized with the Yoast SEO plugin v27.3 - https:\/\/yoast.com\/product\/yoast-seo-wordpress\/ -->\n<title>Unternehmen - DB Performance Cars | JDM Sportfahrzeuge | Japan Import<\/title>\n<meta name=\"robots\" content=\"index, follow, max-snippet:-1, max-image-preview:large, max-video-preview:-1\" \/>\n<link rel=\"canonical\" href=\"https:\/\/dbperformancecars.com\/en\/unternehmen\/\" \/>\n<meta property=\"og:locale\" content=\"en_GB\" \/>\n<meta property=\"og:type\" content=\"article\" \/>\n<meta property=\"og:title\" content=\"Unternehmen - DB Performance Cars | JDM Sportfahrzeuge | Japan Import\" \/>\n<meta property=\"og:url\" content=\"https:\/\/dbperformancecars.com\/en\/unternehmen\/\" \/>\n<meta property=\"og:site_name\" content=\"DB Performance Cars | JDM Sportfahrzeuge | Japan Import\" \/>\n<meta property=\"article:modified_time\" content=\"2025-03-12T07:21:03+00:00\" \/>\n<meta property=\"og:image\" content=\"https:\/\/dbperformancecars.com\/wp-content\/uploads\/SPA_DB-Performance-Cars_AR_0004-scaled.jpg\" \/>\n\t<meta property=\"og:image:width\" content=\"2560\" \/>\n\t<meta property=\"og:image:height\" content=\"1707\" \/>\n\t<meta property=\"og:image:type\" content=\"image\/jpeg\" \/>\n<meta name=\"twitter:card\" content=\"summary_large_image\" \/>\n<meta name=\"twitter:label1\" content=\"Estimated reading time\" \/>\n\t<meta name=\"twitter:data1\" content=\"2 minutes\" \/>\n<script type=\"application\/ld+json\" class=\"yoast-schema-graph\">{\"@context\":\"https:\\\/\\\/schema.org\",\"@graph\":[{\"@type\":\"WebPage\",\"@id\":\"https:\\\/\\\/dbperformancecars.com\\\/unternehmen\\\/\",\"url\":\"https:\\\/\\\/dbperformancecars.com\\\/unternehmen\\\/\",\"name\":\"Unternehmen - DB Performance Cars | JDM Sportfahrzeuge | Japan Import\",\"isPartOf\":{\"@id\":\"https:\\\/\\\/dbperformancecars.com\\\/#website\"},\"primaryImageOfPage\":{\"@id\":\"https:\\\/\\\/dbperformancecars.com\\\/unternehmen\\\/#primaryimage\"},\"image\":{\"@id\":\"https:\\\/\\\/dbperformancecars.com\\\/unternehmen\\\/#primaryimage\"},\"thumbnailUrl\":\"https:\\\/\\\/dbperformancecars.com\\\/wp-content\\\/uploads\\\/SPA_DB-Performance-Cars_AR_0004-300x200.jpg\",\"datePublished\":\"2017-09-10T14:43:54+00:00\",\"dateModified\":\"2025-03-12T07:21:03+00:00\",\"breadcrumb\":{\"@id\":\"https:\\\/\\\/dbperformancecars.com\\\/unternehmen\\\/#breadcrumb\"},\"inLanguage\":\"en-GB\",\"potentialAction\":[{\"@type\":\"ReadAction\",\"target\":[\"https:\\\/\\\/dbperformancecars.com\\\/unternehmen\\\/\"]}]},{\"@type\":\"ImageObject\",\"inLanguage\":\"en-GB\",\"@id\":\"https:\\\/\\\/dbperformancecars.com\\\/unternehmen\\\/#primaryimage\",\"url\":\"https:\\\/\\\/dbperformancecars.com\\\/wp-content\\\/uploads\\\/SPA_DB-Performance-Cars_AR_0004-300x200.jpg\",\"contentUrl\":\"https:\\\/\\\/dbperformancecars.com\\\/wp-content\\\/uploads\\\/SPA_DB-Performance-Cars_AR_0004-300x200.jpg\"},{\"@type\":\"BreadcrumbList\",\"@id\":\"https:\\\/\\\/dbperformancecars.com\\\/unternehmen\\\/#breadcrumb\",\"itemListElement\":[{\"@type\":\"ListItem\",\"position\":1,\"name\":\"Startseite\",\"item\":\"https:\\\/\\\/dbperformancecars.com\\\/\"},{\"@type\":\"ListItem\",\"position\":2,\"name\":\"Unternehmen\"}]},{\"@type\":\"WebSite\",\"@id\":\"https:\\\/\\\/dbperformancecars.com\\\/#website\",\"url\":\"https:\\\/\\\/dbperformancecars.com\\\/\",\"name\":\"DB Performance Cars | JDM Sportfahrzeuge\",\"description\":\"Japanische Sportfahrzeuge | Import\",\"publisher\":{\"@id\":\"https:\\\/\\\/dbperformancecars.com\\\/#organization\"},\"potentialAction\":[{\"@type\":\"SearchAction\",\"target\":{\"@type\":\"EntryPoint\",\"urlTemplate\":\"https:\\\/\\\/dbperformancecars.com\\\/?s={search_term_string}\"},\"query-input\":{\"@type\":\"PropertyValueSpecification\",\"valueRequired\":true,\"valueName\":\"search_term_string\"}}],\"inLanguage\":\"en-GB\"},{\"@type\":\"Organization\",\"@id\":\"https:\\\/\\\/dbperformancecars.com\\\/#organization\",\"name\":\"DB Performance Cars | JDM Sportfahrzeuge\",\"url\":\"https:\\\/\\\/dbperformancecars.com\\\/\",\"logo\":{\"@type\":\"ImageObject\",\"inLanguage\":\"en-GB\",\"@id\":\"https:\\\/\\\/dbperformancecars.com\\\/#\\\/schema\\\/logo\\\/image\\\/\",\"url\":\"https:\\\/\\\/dbperformancecars.com\\\/wp-content\\\/uploads\\\/2021\\\/03\\\/logo-e1615838312563.png\",\"contentUrl\":\"https:\\\/\\\/dbperformancecars.com\\\/wp-content\\\/uploads\\\/2021\\\/03\\\/logo-e1615838312563.png\",\"width\":1554,\"height\":252,\"caption\":\"DB Performance Cars | JDM Sportfahrzeuge\"},\"image\":{\"@id\":\"https:\\\/\\\/dbperformancecars.com\\\/#\\\/schema\\\/logo\\\/image\\\/\"},\"sameAs\":[\"https:\\\/\\\/www.instagram.com\\\/dbperformancecars\\\/\"]}]}<\/script>\n<!-- \/ Yoast SEO plugin. -->","yoast_head_json":{"title":"Unternehmen - DB Performance Cars | JDM Sportfahrzeuge | Japan Import","robots":{"index":"index","follow":"follow","max-snippet":"max-snippet:-1","max-image-preview":"max-image-preview:large","max-video-preview":"max-video-preview:-1"},"canonical":"https:\/\/dbperformancecars.com\/en\/unternehmen\/","og_locale":"en_GB","og_type":"article","og_title":"Unternehmen - DB Performance Cars | JDM Sportfahrzeuge | Japan Import","og_url":"https:\/\/dbperformancecars.com\/en\/unternehmen\/","og_site_name":"DB Performance Cars | JDM Sportfahrzeuge | Japan Import","article_modified_time":"2025-03-12T07:21:03+00:00","og_image":[{"width":2560,"height":1707,"url":"https:\/\/dbperformancecars.com\/wp-content\/uploads\/SPA_DB-Performance-Cars_AR_0004-scaled.jpg","type":"image\/jpeg"}],"twitter_card":"summary_large_image","twitter_misc":{"Estimated reading time":"2 minutes"},"schema":{"@context":"https:\/\/schema.org","@graph":[{"@type":"WebPage","@id":"https:\/\/dbperformancecars.com\/unternehmen\/","url":"https:\/\/dbperformancecars.com\/unternehmen\/","name":"Unternehmen - DB Performance Cars | JDM Sportfahrzeuge | Japan Import","isPartOf":{"@id":"https:\/\/dbperformancecars.com\/#website"},"primaryImageOfPage":{"@id":"https:\/\/dbperformancecars.com\/unternehmen\/#primaryimage"},"image":{"@id":"https:\/\/dbperformancecars.com\/unternehmen\/#primaryimage"},"thumbnailUrl":"https:\/\/dbperformancecars.com\/wp-content\/uploads\/SPA_DB-Performance-Cars_AR_0004-300x200.jpg","datePublished":"2017-09-10T14:43:54+00:00","dateModified":"2025-03-12T07:21:03+00:00","breadcrumb":{"@id":"https:\/\/dbperformancecars.com\/unternehmen\/#breadcrumb"},"inLanguage":"en-GB","potentialAction":[{"@type":"ReadAction","target":["https:\/\/dbperformancecars.com\/unternehmen\/"]}]},{"@type":"ImageObject","inLanguage":"en-GB","@id":"https:\/\/dbperformancecars.com\/unternehmen\/#primaryimage","url":"https:\/\/dbperformancecars.com\/wp-content\/uploads\/SPA_DB-Performance-Cars_AR_0004-300x200.jpg","contentUrl":"https:\/\/dbperformancecars.com\/wp-content\/uploads\/SPA_DB-Performance-Cars_AR_0004-300x200.jpg"},{"@type":"BreadcrumbList","@id":"https:\/\/dbperformancecars.com\/unternehmen\/#breadcrumb","itemListElement":[{"@type":"ListItem","position":1,"name":"Startseite","item":"https:\/\/dbperformancecars.com\/"},{"@type":"ListItem","position":2,"name":"Unternehmen"}]},{"@type":"WebSite","@id":"https:\/\/dbperformancecars.com\/#website","url":"https:\/\/dbperformancecars.com\/","name":"DB Performance Cars | JDM Sportfahrzeuge","description":"Japanische Sportfahrzeuge | Import","publisher":{"@id":"https:\/\/dbperformancecars.com\/#organization"},"potentialAction":[{"@type":"SearchAction","target":{"@type":"EntryPoint","urlTemplate":"https:\/\/dbperformancecars.com\/?s={search_term_string}"},"query-input":{"@type":"PropertyValueSpecification","valueRequired":true,"valueName":"search_term_string"}}],"inLanguage":"en-GB"},{"@type":"Organization","@id":"https:\/\/dbperformancecars.com\/#organization","name":"DB Performance Cars | JDM Sportfahrzeuge","url":"https:\/\/dbperformancecars.com\/","logo":{"@type":"ImageObject","inLanguage":"en-GB","@id":"https:\/\/dbperformancecars.com\/#\/schema\/logo\/image\/","url":"https:\/\/dbperformancecars.com\/wp-content\/uploads\/2021\/03\/logo-e1615838312563.png","contentUrl":"https:\/\/dbperformancecars.com\/wp-content\/uploads\/2021\/03\/logo-e1615838312563.png","width":1554,"height":252,"caption":"DB Performance Cars | JDM Sportfahrzeuge"},"image":{"@id":"https:\/\/dbperformancecars.com\/#\/schema\/logo\/image\/"},"sameAs":["https:\/\/www.instagram.com\/dbperformancecars\/"]}]}},"_links":{"self":[{"href":"https:\/\/dbperformancecars.com\/en\/wp-json\/wp\/v2\/pages\/182","targetHints":{"allow":["GET"]}}],"collection":[{"href":"https:\/\/dbperformancecars.com\/en\/wp-json\/wp\/v2\/pages"}],"about":[{"href":"https:\/\/dbperformancecars.com\/en\/wp-json\/wp\/v2\/types\/page"}],"author":[{"embeddable":true,"href":"https:\/\/dbperformancecars.com\/en\/wp-json\/wp\/v2\/users\/1"}],"replies":[{"embeddable":true,"href":"https:\/\/dbperformancecars.com\/en\/wp-json\/wp\/v2\/comments?post=182"}],"version-history":[{"count":10,"href":"https:\/\/dbperformancecars.com\/en\/wp-json\/wp\/v2\/pages\/182\/revisions"}],"predecessor-version":[{"id":363,"href":"https:\/\/dbperformancecars.com\/en\/wp-json\/wp\/v2\/pages\/182\/revisions\/363"}],"wp:attachment":[{"href":"https:\/\/dbperformancecars.com\/en\/wp-json\/wp\/v2\/media?parent=182"}],"wp:term":[{"taxonomy":"category","embeddable":true,"href":"https:\/\/dbperformancecars.com\/en\/wp-json\/wp\/v2\/categories?post=182"},{"taxonomy":"post_tag","embeddable":true,"href":"https:\/\/dbperformancecars.com\/en\/wp-json\/wp\/v2\/tags?post=182"}],"curies":[{"name":"wp","href":"https:\/\/api.w.org\/{rel}","templated":true}]}}