{"id":176,"date":"2017-09-11T09:05:49","date_gmt":"2017-09-11T07:05:49","guid":{"rendered":"http:\/\/demo.themesuite.com\/automotive-wp\/?page_id=86"},"modified":"2024-02-18T19:40:31","modified_gmt":"2024-02-18T18:40:31","slug":"fahrzeugimport","status":"publish","type":"page","link":"https:\/\/dbperformancecars.com\/en\/fahrzeugimport\/","title":{"rendered":"Vehicle import"},"content":{"rendered":"<div class=\"wpb-content-wrapper\"><div class=\"vc_row wpb_row vc_row-fluid margin-bottom-none vc_custom_1515782941289\"><div class=\"wpb_column vc_column_container vc_col-sm-12\"><div class=\"vc_column-inner\"><div class=\"wpb_wrapper\">\n\t<div class=\"wpb_text_column wpb_content_element vc_custom_1686719102387 padding-left-none xs-padding-bottom-40\" >\n\t\t<div class=\"wpb_wrapper\">\n\t\t\t<h3 style=\"text-align: center; font-size: 45px; line-height: 55px; font-weight: bold;\">Warum DB Performance Cars?<\/h3>\n<p>&nbsp;<\/p>\n<h5 style=\"text-align: center; font-size: 35px;\">&nbsp;<\/h5>\n<p style=\"text-align: center; font-size: 20px; line-height: 30px;\">Wir arbeiten mit dir als Kunden sehr eng zusammen und bieten einen zuverl\u00e4ssigen Service und legen selbst Wert auf eine m\u00f6glichst hohe Qualit\u00e4t der Fahrzeuge. Ein Japanimport ist in gewisser Weise auch eine Zusammenarbeit, welche auf Vertrauen basiert, da du das Fahrzeug im Vorfeld nicht selbst anschauen kannst und dich somit auf unsere Expertise verlassen solltest. Kundenzufriedenheit ist bei uns an oberster Stelle und wir f\u00fchren deinen Wunsch des Fahrzeugimport und die Fahrzeugauswahl \u00e4u\u00dferst Gewissenhaft aus. Wir freuen uns auf deinen Auftrag!<\/p>\n\n\t\t<\/div>\n\t<\/div>\n<\/div><\/div><\/div><\/div><div data-vc-full-width=\"true\" data-vc-full-width-init=\"false\" data-vc-stretch-content=\"true\" style=\"height: 425px;\" class=\"vc_row wpb_row vc_row-fluid car-banner vc_custom_1692049951092 vc_row-has-fill\"><div class=\"wpb_column vc_column_container vc_col-sm-12\"><div class=\"vc_column-inner\"><div class=\"wpb_wrapper\"><\/div><\/div><\/div><\/div><div class=\"vc_row-full-width vc_clearfix\"><\/div><div class=\"vc_row wpb_row vc_row-fluid margin-bottom-none vc_custom_1515782941289\"><div class=\"wpb_column vc_column_container vc_col-sm-12\"><div class=\"vc_column-inner\"><div class=\"wpb_wrapper\">\n\t<div class=\"wpb_text_column wpb_content_element vc_custom_1676062486147\" >\n\t\t<div class=\"wpb_wrapper\">\n\t\t\t<h3>Warum aus Japan?<\/h3>\n\n\t\t<\/div>\n\t<\/div>\n\n\t<div class=\"wpb_text_column wpb_content_element padding-left-none xs-padding-bottom-40\" >\n\t\t<div class=\"wpb_wrapper\">\n\t\t\t<p>Erfahrungsgem\u00e4\u00df haben Fahrzeuge aus Japan eine \u00fcberdurchschnittlich gute Qualit\u00e4t. Die Fahrzeuge sind meist sehr gut gepflegt und haben oft deutlich weniger Korossion im Bereich der Karosserie. Viele \u00e4ltere Fahrzeuge sind noch mit sehr geringer Laufleistung zu bekommen und der japanische Markt bietet eine Vielzahl besonderer Fahrzeuge, Zudem ist es eine \u00e4u\u00dferst spannende Sache, sich das Traumfahrzeug aus Japan direkt zu importieren und es ist f\u00fcr jeden JDM Fan etwas ganz besonderes!<\/p>\n\n\t\t<\/div>\n\t<\/div>\n<\/div><\/div><\/div><\/div><div data-vc-full-width=\"true\" data-vc-full-width-init=\"false\" data-vc-stretch-content=\"true\" style=\"height: 425px;\" class=\"vc_row wpb_row vc_row-fluid car-banner vc_custom_1692049888672 vc_row-has-fill\"><div class=\"wpb_column vc_column_container vc_col-sm-12\"><div class=\"vc_column-inner\"><div class=\"wpb_wrapper\"><\/div><\/div><\/div><\/div><div class=\"vc_row-full-width vc_clearfix\"><\/div><div class=\"vc_row wpb_row vc_row-fluid margin-bottom-none vc_custom_1515782941289\"><div class=\"wpb_column vc_column_container vc_col-sm-12\"><div class=\"vc_column-inner\"><div class=\"wpb_wrapper\">\n\t<div class=\"wpb_text_column wpb_content_element vc_custom_1676062623335\" >\n\t\t<div class=\"wpb_wrapper\">\n\t\t\t<h3>Wie funktioniert der Import im Auftrag?<\/h3>\n\n\t\t<\/div>\n\t<\/div>\n\n\t<div class=\"wpb_text_column wpb_content_element padding-left-none xs-padding-bottom-40\" >\n\t\t<div class=\"wpb_wrapper\">\n\t\t\t<p>Im Vorfeld wird \u00fcber ein ausf\u00fchrliches Erstgespr\u00e4ch ermittelt, was f\u00fcr ein Fahrzeugmodell Sie genau suchen und welche Kriterien f\u00fcr Sie wichtig sind wie z.B. Farbe, Laufleistung, Getriebeart usw. Des weiteren muss eine Budget definiert werden, welches zum aktuellen Zeitpunkt realistisch ist. Die Fahrzeuge werden haupts\u00e4chlich in Auktionen gekauft, aber teilweise auch durch direkte Kontakte in Japan. Die Fahrzeuge werden von mir pers\u00f6nlich selektiert und die guten und potenziellen Modelle werden Ihnen vorgeschlagen mit einer kurzen Beschreibung. Das Personal des Partners in Japan wird die Fahrzeuge \u00fcberpr\u00fcfen und wenn das Fahrzeug unseren Qualit\u00e4tsanspr\u00fcchen gen\u00fcgt, wird in der Auktion mitgeboten.<\/p>\n\n\t\t<\/div>\n\t<\/div>\n<\/div><\/div><\/div><\/div><div class=\"vc_row wpb_row vc_row-fluid margin-bottom-none vc_custom_1515782941289\"><div class=\"wpb_column vc_column_container vc_col-sm-12\"><div class=\"vc_column-inner\"><div class=\"wpb_wrapper\"><\/div><\/div><\/div><\/div><div data-vc-full-width=\"true\" data-vc-full-width-init=\"false\" data-vc-stretch-content=\"true\" style=\"height: 500px;\" class=\"vc_row wpb_row vc_row-fluid car-banner vc_custom_1692049984270 vc_row-has-fill\"><div class=\"wpb_column vc_column_container vc_col-sm-12\"><div class=\"vc_column-inner\"><div class=\"wpb_wrapper\"><\/div><\/div><\/div><\/div><div class=\"vc_row-full-width vc_clearfix\"><\/div><div class=\"vc_row wpb_row vc_row-fluid\"><div class=\"wpb_column vc_column_container vc_col-sm-12\"><div class=\"vc_column-inner\"><div class=\"wpb_wrapper\">\n\t<div class=\"wpb_text_column wpb_content_element\" >\n\t\t<div class=\"wpb_wrapper\">\n\t\t\t<h3>Kontaktformular<\/h3>\n\n\t\t<\/div>\n\t<\/div>\n<style id=\"wpforms-css-vars-1014\">\n\t\t\t\t#wpforms-1014 {\n\t\t\t\t\n\t\t\t}\n\t\t\t<\/style><div class=\"wpforms-container wpforms-container-full wpforms-render-modern\" id=\"wpforms-1014\"><form id=\"wpforms-form-1014\" class=\"wpforms-validate wpforms-form wpforms-ajax-form\" data-formid=\"1014\" method=\"post\" enctype=\"multipart\/form-data\" action=\"\/en\/wp-json\/wp\/v2\/pages\/176\" data-token=\"d9028c57600498bba9649bf4520b156c\" data-token-time=\"1775924457\"><noscript class=\"wpforms-error-noscript\">Please enable JavaScript in your browser to complete this form.<\/noscript><div id=\"wpforms-error-noscript\" style=\"display: none;\">Please enable JavaScript in your browser to complete this form.<\/div><div class=\"wpforms-field-container\"><div id=\"wpforms-1014-field_0-container\" class=\"wpforms-field wpforms-field-name\" data-field-id=\"0\"><label class=\"wpforms-field-label wpforms-label-hide\" for=\"wpforms-1014-field_0\" aria-hidden=\"false\">Name <span class=\"wpforms-required-label\" aria-hidden=\"true\">*<\/span><\/label><input type=\"text\" id=\"wpforms-1014-field_0\" class=\"wpforms-field-medium wpforms-field-required\" name=\"wpforms[fields][0]\" placeholder=\"Name \" aria-errormessage=\"wpforms-1014-field_0-error\" required><\/div><div id=\"wpforms-1014-field_1-container\" class=\"wpforms-field wpforms-field-email\" data-field-id=\"1\"><label class=\"wpforms-field-label wpforms-label-hide\" for=\"wpforms-1014-field_1\" aria-hidden=\"false\">E-Mail <span class=\"wpforms-required-label\" aria-hidden=\"true\">*<\/span><\/label><input type=\"email\" id=\"wpforms-1014-field_1\" class=\"wpforms-field-medium wpforms-field-required\" name=\"wpforms[fields][1]\" placeholder=\"E-Mail\" spellcheck=\"false\" aria-errormessage=\"wpforms-1014-field_1-error\" required><\/div><div id=\"wpforms-1014-field_3-container\" class=\"wpforms-field wpforms-field-text\" data-field-id=\"3\"><label class=\"wpforms-field-label wpforms-label-hide\" for=\"wpforms-1014-field_3\" aria-hidden=\"false\">Telefonnummer <span class=\"wpforms-required-label\" aria-hidden=\"true\">*<\/span><\/label><input type=\"text\" id=\"wpforms-1014-field_3\" class=\"wpforms-field-medium wpforms-field-required\" name=\"wpforms[fields][3]\" placeholder=\"Telefonnummer\" aria-errormessage=\"wpforms-1014-field_3-error\" required><\/div><div id=\"wpforms-1014-field_4-container\" class=\"wpforms-field wpforms-field-text\" data-field-id=\"4\"><label class=\"wpforms-field-label wpforms-label-hide\" for=\"wpforms-1014-field_4\" aria-hidden=\"false\">Betreff <span class=\"wpforms-required-label\" aria-hidden=\"true\">*<\/span><\/label><input type=\"text\" id=\"wpforms-1014-field_4\" class=\"wpforms-field-medium wpforms-field-required\" name=\"wpforms[fields][4]\" placeholder=\"Betreff\" aria-errormessage=\"wpforms-1014-field_4-error\" required><\/div><div id=\"wpforms-1014-field_2-container\" class=\"wpforms-field wpforms-field-textarea\" data-field-id=\"2\"><label class=\"wpforms-field-label wpforms-label-hide\" for=\"wpforms-1014-field_2\" aria-hidden=\"false\">Nachricht <span class=\"wpforms-required-label\" aria-hidden=\"true\">*<\/span><\/label><textarea id=\"wpforms-1014-field_2\" class=\"wpforms-field-medium wpforms-field-required\" name=\"wpforms[fields][2]\" placeholder=\"Nachricht\" aria-errormessage=\"wpforms-1014-field_2-error\" required><\/textarea><\/div><div id=\"wpforms-1014-field_5-container\" class=\"wpforms-field wpforms-field-checkbox\" data-field-id=\"5\"><fieldset><legend class=\"wpforms-field-label\">Datenschutz <span class=\"wpforms-required-label\" aria-hidden=\"true\">*<\/span><\/legend><ul id=\"wpforms-1014-field_5\" class=\"wpforms-field-required\"><li class=\"choice-1 depth-1\"><input type=\"checkbox\" id=\"wpforms-1014-field_5_1\" name=\"wpforms[fields][5][]\" value=\"Ich habe die Datenschutzerkl\u00e4rung gelesen und bin damit einverstanden.\" aria-errormessage=\"wpforms-1014-field_5_1-error\" required ><label class=\"wpforms-field-label-inline\" for=\"wpforms-1014-field_5_1\">Ich habe die Datenschutzerkl\u00e4rung gelesen und bin damit einverstanden.<\/label><\/li><\/ul><\/fieldset><\/div><\/div><!-- .wpforms-field-container --><div class=\"wpforms-submit-container\" ><input type=\"hidden\" name=\"wpforms[id]\" value=\"1014\"><input type=\"hidden\" name=\"page_title\" value=\"\"><input type=\"hidden\" name=\"page_url\" value=\"https:\/\/dbperformancecars.com\/en\/wp-json\/wp\/v2\/pages\/176\"><input type=\"hidden\" name=\"url_referer\" value=\"\"><button type=\"submit\" name=\"wpforms[submit]\" id=\"wpforms-submit-1014\" class=\"wpforms-submit\" data-alt-text=\"Senden\u2026\" data-submit-text=\"Absenden\" aria-live=\"assertive\" value=\"wpforms-submit\">Absenden<\/button><img loading=\"lazy\" decoding=\"async\" src=\"https:\/\/dbperformancecars.com\/wp-content\/plugins\/wpforms-lite\/assets\/images\/submit-spin.svg\" class=\"wpforms-submit-spinner\" style=\"display: none;\" width=\"26\" height=\"26\" alt=\"Loading\"><\/div><\/form><\/div>  <!-- .wpforms-container --><\/div><\/div><\/div><\/div>\n<\/div>","protected":false},"excerpt":{"rendered":"Warum DB Performance Cars? &nbsp; &nbsp; Wir arbeiten mit dir als Kunden sehr eng zusammen und bieten einen zuverl\u00e4ssigen Service und legen selbst Wert auf eine m\u00f6glichst hohe Qualit\u00e4t der Fahrzeuge. Ein Japanimport ist in gewisser Weise auch eine Zusammenarbeit, welche auf Vertrauen basiert, da du das Fahrzeug im Vorfeld nicht selbst anschauen kannst und [...]","protected":false},"author":1,"featured_media":0,"parent":0,"menu_order":0,"comment_status":"closed","ping_status":"closed","template":"","meta":{"ngg_post_thumbnail":0,"footnotes":""},"categories":[],"tags":[],"class_list":["post-176","page","type-page","status-publish","hentry"],"yoast_head":"<!-- This site is optimized with the Yoast SEO plugin v27.3 - https:\/\/yoast.com\/product\/yoast-seo-wordpress\/ -->\n<title>Fahrzeugimport - DB Performance Cars | JDM Sportfahrzeuge | Japan Import<\/title>\n<meta name=\"robots\" content=\"index, follow, max-snippet:-1, max-image-preview:large, max-video-preview:-1\" \/>\n<link rel=\"canonical\" href=\"https:\/\/dbperformancecars.com\/en\/fahrzeugimport\/\" \/>\n<meta property=\"og:locale\" content=\"en_GB\" \/>\n<meta property=\"og:type\" content=\"article\" \/>\n<meta property=\"og:title\" content=\"Fahrzeugimport - DB Performance Cars | JDM Sportfahrzeuge | Japan Import\" \/>\n<meta property=\"og:url\" content=\"https:\/\/dbperformancecars.com\/en\/fahrzeugimport\/\" \/>\n<meta property=\"og:site_name\" content=\"DB Performance Cars | JDM Sportfahrzeuge | Japan Import\" \/>\n<meta property=\"article:modified_time\" content=\"2024-02-18T18:40:31+00:00\" \/>\n<meta name=\"twitter:card\" content=\"summary_large_image\" \/>\n<meta name=\"twitter:label1\" content=\"Estimated reading time\" \/>\n\t<meta name=\"twitter:data1\" content=\"3 minutes\" \/>\n<script type=\"application\/ld+json\" class=\"yoast-schema-graph\">{\"@context\":\"https:\\\/\\\/schema.org\",\"@graph\":[{\"@type\":\"WebPage\",\"@id\":\"https:\\\/\\\/dbperformancecars.com\\\/fahrzeugimport\\\/\",\"url\":\"https:\\\/\\\/dbperformancecars.com\\\/fahrzeugimport\\\/\",\"name\":\"Fahrzeugimport - DB Performance Cars | JDM Sportfahrzeuge | Japan Import\",\"isPartOf\":{\"@id\":\"https:\\\/\\\/dbperformancecars.com\\\/#website\"},\"datePublished\":\"2017-09-11T07:05:49+00:00\",\"dateModified\":\"2024-02-18T18:40:31+00:00\",\"breadcrumb\":{\"@id\":\"https:\\\/\\\/dbperformancecars.com\\\/fahrzeugimport\\\/#breadcrumb\"},\"inLanguage\":\"en-GB\",\"potentialAction\":[{\"@type\":\"ReadAction\",\"target\":[\"https:\\\/\\\/dbperformancecars.com\\\/fahrzeugimport\\\/\"]}]},{\"@type\":\"BreadcrumbList\",\"@id\":\"https:\\\/\\\/dbperformancecars.com\\\/fahrzeugimport\\\/#breadcrumb\",\"itemListElement\":[{\"@type\":\"ListItem\",\"position\":1,\"name\":\"Startseite\",\"item\":\"https:\\\/\\\/dbperformancecars.com\\\/\"},{\"@type\":\"ListItem\",\"position\":2,\"name\":\"Fahrzeugimport\"}]},{\"@type\":\"WebSite\",\"@id\":\"https:\\\/\\\/dbperformancecars.com\\\/#website\",\"url\":\"https:\\\/\\\/dbperformancecars.com\\\/\",\"name\":\"DB Performance Cars | JDM Sportfahrzeuge\",\"description\":\"Japanische Sportfahrzeuge | Import\",\"publisher\":{\"@id\":\"https:\\\/\\\/dbperformancecars.com\\\/#organization\"},\"potentialAction\":[{\"@type\":\"SearchAction\",\"target\":{\"@type\":\"EntryPoint\",\"urlTemplate\":\"https:\\\/\\\/dbperformancecars.com\\\/?s={search_term_string}\"},\"query-input\":{\"@type\":\"PropertyValueSpecification\",\"valueRequired\":true,\"valueName\":\"search_term_string\"}}],\"inLanguage\":\"en-GB\"},{\"@type\":\"Organization\",\"@id\":\"https:\\\/\\\/dbperformancecars.com\\\/#organization\",\"name\":\"DB Performance Cars | JDM Sportfahrzeuge\",\"url\":\"https:\\\/\\\/dbperformancecars.com\\\/\",\"logo\":{\"@type\":\"ImageObject\",\"inLanguage\":\"en-GB\",\"@id\":\"https:\\\/\\\/dbperformancecars.com\\\/#\\\/schema\\\/logo\\\/image\\\/\",\"url\":\"https:\\\/\\\/dbperformancecars.com\\\/wp-content\\\/uploads\\\/2021\\\/03\\\/logo-e1615838312563.png\",\"contentUrl\":\"https:\\\/\\\/dbperformancecars.com\\\/wp-content\\\/uploads\\\/2021\\\/03\\\/logo-e1615838312563.png\",\"width\":1554,\"height\":252,\"caption\":\"DB Performance Cars | JDM Sportfahrzeuge\"},\"image\":{\"@id\":\"https:\\\/\\\/dbperformancecars.com\\\/#\\\/schema\\\/logo\\\/image\\\/\"},\"sameAs\":[\"https:\\\/\\\/www.instagram.com\\\/dbperformancecars\\\/\"]}]}<\/script>\n<!-- \/ Yoast SEO plugin. -->","yoast_head_json":{"title":"Fahrzeugimport - DB Performance Cars | JDM Sportfahrzeuge | Japan Import","robots":{"index":"index","follow":"follow","max-snippet":"max-snippet:-1","max-image-preview":"max-image-preview:large","max-video-preview":"max-video-preview:-1"},"canonical":"https:\/\/dbperformancecars.com\/en\/fahrzeugimport\/","og_locale":"en_GB","og_type":"article","og_title":"Fahrzeugimport - DB Performance Cars | JDM Sportfahrzeuge | Japan Import","og_url":"https:\/\/dbperformancecars.com\/en\/fahrzeugimport\/","og_site_name":"DB Performance Cars | JDM Sportfahrzeuge | Japan Import","article_modified_time":"2024-02-18T18:40:31+00:00","twitter_card":"summary_large_image","twitter_misc":{"Estimated reading time":"3 minutes"},"schema":{"@context":"https:\/\/schema.org","@graph":[{"@type":"WebPage","@id":"https:\/\/dbperformancecars.com\/fahrzeugimport\/","url":"https:\/\/dbperformancecars.com\/fahrzeugimport\/","name":"Fahrzeugimport - DB Performance Cars | JDM Sportfahrzeuge | Japan Import","isPartOf":{"@id":"https:\/\/dbperformancecars.com\/#website"},"datePublished":"2017-09-11T07:05:49+00:00","dateModified":"2024-02-18T18:40:31+00:00","breadcrumb":{"@id":"https:\/\/dbperformancecars.com\/fahrzeugimport\/#breadcrumb"},"inLanguage":"en-GB","potentialAction":[{"@type":"ReadAction","target":["https:\/\/dbperformancecars.com\/fahrzeugimport\/"]}]},{"@type":"BreadcrumbList","@id":"https:\/\/dbperformancecars.com\/fahrzeugimport\/#breadcrumb","itemListElement":[{"@type":"ListItem","position":1,"name":"Startseite","item":"https:\/\/dbperformancecars.com\/"},{"@type":"ListItem","position":2,"name":"Fahrzeugimport"}]},{"@type":"WebSite","@id":"https:\/\/dbperformancecars.com\/#website","url":"https:\/\/dbperformancecars.com\/","name":"DB Performance Cars | JDM Sportfahrzeuge","description":"Japanische Sportfahrzeuge | Import","publisher":{"@id":"https:\/\/dbperformancecars.com\/#organization"},"potentialAction":[{"@type":"SearchAction","target":{"@type":"EntryPoint","urlTemplate":"https:\/\/dbperformancecars.com\/?s={search_term_string}"},"query-input":{"@type":"PropertyValueSpecification","valueRequired":true,"valueName":"search_term_string"}}],"inLanguage":"en-GB"},{"@type":"Organization","@id":"https:\/\/dbperformancecars.com\/#organization","name":"DB Performance Cars | JDM Sportfahrzeuge","url":"https:\/\/dbperformancecars.com\/","logo":{"@type":"ImageObject","inLanguage":"en-GB","@id":"https:\/\/dbperformancecars.com\/#\/schema\/logo\/image\/","url":"https:\/\/dbperformancecars.com\/wp-content\/uploads\/2021\/03\/logo-e1615838312563.png","contentUrl":"https:\/\/dbperformancecars.com\/wp-content\/uploads\/2021\/03\/logo-e1615838312563.png","width":1554,"height":252,"caption":"DB Performance Cars | JDM Sportfahrzeuge"},"image":{"@id":"https:\/\/dbperformancecars.com\/#\/schema\/logo\/image\/"},"sameAs":["https:\/\/www.instagram.com\/dbperformancecars\/"]}]}},"_links":{"self":[{"href":"https:\/\/dbperformancecars.com\/en\/wp-json\/wp\/v2\/pages\/176","targetHints":{"allow":["GET"]}}],"collection":[{"href":"https:\/\/dbperformancecars.com\/en\/wp-json\/wp\/v2\/pages"}],"about":[{"href":"https:\/\/dbperformancecars.com\/en\/wp-json\/wp\/v2\/types\/page"}],"author":[{"embeddable":true,"href":"https:\/\/dbperformancecars.com\/en\/wp-json\/wp\/v2\/users\/1"}],"replies":[{"embeddable":true,"href":"https:\/\/dbperformancecars.com\/en\/wp-json\/wp\/v2\/comments?post=176"}],"version-history":[{"count":11,"href":"https:\/\/dbperformancecars.com\/en\/wp-json\/wp\/v2\/pages\/176\/revisions"}],"predecessor-version":[{"id":3979,"href":"https:\/\/dbperformancecars.com\/en\/wp-json\/wp\/v2\/pages\/176\/revisions\/3979"}],"wp:attachment":[{"href":"https:\/\/dbperformancecars.com\/en\/wp-json\/wp\/v2\/media?parent=176"}],"wp:term":[{"taxonomy":"category","embeddable":true,"href":"https:\/\/dbperformancecars.com\/en\/wp-json\/wp\/v2\/categories?post=176"},{"taxonomy":"post_tag","embeddable":true,"href":"https:\/\/dbperformancecars.com\/en\/wp-json\/wp\/v2\/tags?post=176"}],"curies":[{"name":"wp","href":"https:\/\/api.w.org\/{rel}","templated":true}]}}